{"id":20581,"date":"2025-08-08T01:08:37","date_gmt":"2025-08-07T23:08:37","guid":{"rendered":"https:\/\/www.cadconnect.com\/?post_type=product&#038;p=20581"},"modified":"2026-04-08T18:13:21","modified_gmt":"2026-04-08T16:13:21","slug":"microstation","status":"publish","type":"product","link":"https:\/\/www.cadconnect.com\/pt-br\/prodotto\/microstation\/","title":{"rendered":"MicroStation"},"content":{"rendered":"\t\t<div data-elementor-type=\"product-post\" data-elementor-id=\"20581\" class=\"elementor elementor-20581\" wpc-filter-elementor-widget=\"1\" data-elementor-post-type=\"product\">\n\t\t\t\t\t\t<section class=\"elementor-section elementor-top-section elementor-element elementor-element-c5279c4 elementor-section-boxed elementor-section-height-default elementor-section-height-default\" data-id=\"c5279c4\" data-element_type=\"section\" data-e-type=\"section\">\n\t\t\t\t\t\t<div class=\"elementor-container elementor-column-gap-default\">\n\t\t\t\t\t<div class=\"elementor-column elementor-col-100 elementor-top-column elementor-element elementor-element-85ce49f\" data-id=\"85ce49f\" data-element_type=\"column\" data-e-type=\"column\">\n\t\t\t<div class=\"elementor-widget-wrap elementor-element-populated\">\n\t\t\t\t\t\t<div class=\"elementor-element elementor-element-7cd8493f elementor-widget elementor-widget-text-editor\" data-id=\"7cd8493f\" data-element_type=\"widget\" data-e-type=\"widget\" data-widget_type=\"text-editor.default\">\n\t\t\t\t<div class=\"elementor-widget-container\">\n\t\t\t\t\t\t\t\t\t<p>MicroStation CAD 3D di Bentley Systems \u00e8 una piattaforma che permette di affrontare in modo semplice ed efficiente ogni tipologia di progetto. Con MicroStation\u00ae \u00e8 infatti possibile realizzare architettura, design, soluzioni ingegneristiche infinite per complessit\u00e0 e variet\u00e0, arrivando alla gestione del progetto su coordinate geografiche reali cos\u00ec da verificarne la corretta collocazione in fase di realizzazione.<\/p>\t\t\t\t\t\t\t\t<\/div>\n\t\t\t\t<\/div>\n\t\t\t\t\t<\/div>\n\t\t<\/div>\n\t\t\t\t\t<\/div>\n\t\t<\/section>\n\t\t\t\t<section class=\"elementor-section elementor-top-section elementor-element elementor-element-2fa73f50 elementor-section-boxed elementor-section-height-default elementor-section-height-default\" data-id=\"2fa73f50\" data-element_type=\"section\" data-e-type=\"section\">\n\t\t\t\t\t\t<div class=\"elementor-container elementor-column-gap-default\">\n\t\t\t\t\t<div class=\"elementor-column elementor-col-50 elementor-top-column elementor-element elementor-element-45e50dc0\" data-id=\"45e50dc0\" data-element_type=\"column\" data-e-type=\"column\">\n\t\t\t<div class=\"elementor-widget-wrap elementor-element-populated\">\n\t\t\t\t\t\t<div class=\"elementor-element elementor-element-f46ce87 elementor-align-left elementor-widget elementor-widget-button\" data-id=\"f46ce87\" data-element_type=\"widget\" data-e-type=\"widget\" data-widget_type=\"button.default\">\n\t\t\t\t<div class=\"elementor-widget-container\">\n\t\t\t\t\t\t\t\t\t<div class=\"elementor-button-wrapper\">\n\t\t\t\t\t<a class=\"elementor-button elementor-button-link elementor-size-sm\" href=\"https:\/\/www.cadconnect.com\/prodotti\/microstation\/\">\n\t\t\t\t\t\t<span class=\"elementor-button-content-wrapper\">\n\t\t\t\t\t\t\t\t\t<span class=\"elementor-button-text\">Approfondimenti sul prodotto<\/span>\n\t\t\t\t\t<\/span>\n\t\t\t\t\t<\/a>\n\t\t\t\t<\/div>\n\t\t\t\t\t\t\t\t<\/div>\n\t\t\t\t<\/div>\n\t\t\t\t\t<\/div>\n\t\t<\/div>\n\t\t\t\t<div class=\"elementor-column elementor-col-50 elementor-top-column elementor-element elementor-element-93db03e\" data-id=\"93db03e\" data-element_type=\"column\" data-e-type=\"column\">\n\t\t\t<div class=\"elementor-widget-wrap elementor-element-populated\">\n\t\t\t\t\t\t<div class=\"elementor-element elementor-element-46342a9 elementor-align-right elementor-widget elementor-widget-button\" data-id=\"46342a9\" data-element_type=\"widget\" data-e-type=\"widget\" data-widget_type=\"button.default\">\n\t\t\t\t<div class=\"elementor-widget-container\">\n\t\t\t\t\t\t\t\t\t<div class=\"elementor-button-wrapper\">\n\t\t\t\t\t<a class=\"elementor-button elementor-button-link elementor-size-sm\" href=\"#elementor-action%3Aaction%3Dpopup%3Aopen%26settings%3DeyJpZCI6MjA3NTIsInRvZ2dsZSI6ZmFsc2V9\">\n\t\t\t\t\t\t<span class=\"elementor-button-content-wrapper\">\n\t\t\t\t\t\t\t\t\t<span class=\"elementor-button-text\">Contatta senza impegno il nostro sales center<\/span>\n\t\t\t\t\t<\/span>\n\t\t\t\t\t<\/a>\n\t\t\t\t<\/div>\n\t\t\t\t\t\t\t\t<\/div>\n\t\t\t\t<\/div>\n\t\t\t\t<div class=\"elementor-element elementor-element-31c1be5 elementor-widget__width-initial elementor-mobile-align-justify elementor-align-left elementor-widget elementor-widget-button\" data-id=\"31c1be5\" data-element_type=\"widget\" data-e-type=\"widget\" data-widget_type=\"button.default\">\n\t\t\t\t<div class=\"elementor-widget-container\">\n\t\t\t\t\t\t\t\t\t<div class=\"elementor-button-wrapper\">\n\t\t\t\t\t<a class=\"elementor-button elementor-button-link elementor-size-xs\" href=\"https:\/\/en.virtuosity.com\/microstation?utm_ResellerID=1006171748&#038;Resellername=CAD+CONNECT\" target=\"_blank\">\n\t\t\t\t\t\t<span class=\"elementor-button-content-wrapper\">\n\t\t\t\t\t\t<span class=\"elementor-button-icon\">\n\t\t\t\t<i aria-hidden=\"true\" class=\"fas fa-shopping-cart\"><\/i>\t\t\t<\/span>\n\t\t\t\t\t\t\t\t\t<span class=\"elementor-button-text\">Acquista<\/span>\n\t\t\t\t\t<\/span>\n\t\t\t\t\t<\/a>\n\t\t\t\t<\/div>\n\t\t\t\t\t\t\t\t<\/div>\n\t\t\t\t<\/div>\n\t\t\t\t\t<\/div>\n\t\t<\/div>\n\t\t\t\t\t<\/div>\n\t\t<\/section>\n\t\t\t\t<\/div>\n\t\t","protected":false},"excerpt":{"rendered":"<p>MicroStation CAD 3D di Bentley Systems \u00e8 una piattaforma che permette di affrontare in modo semplice ed efficiente ogni tipologia di progetto. Con MicroStation\u00ae \u00e8 infatti possibile realizzare architettura, design, soluzioni ingegneristiche infinite per complessit\u00e0 e variet\u00e0, arrivando alla gestione del progetto su coordinate geografiche reali cos\u00ec da verificarne la corretta collocazione in fase di realizzazione.<\/p>\n","protected":false},"featured_media":19870,"comment_status":"closed","ping_status":"closed","template":"","meta":{"_monsterinsights_skip_tracking":false,"_monsterinsights_sitenote_active":false,"_monsterinsights_sitenote_note":"","_monsterinsights_sitenote_category":0},"product_brand":[],"product_cat":[229],"product_tag":[232],"class_list":{"0":"post-20581","1":"product","2":"type-product","3":"status-publish","4":"has-post-thumbnail","6":"product_cat-noleggio-select","7":"product_tag-cad","9":"first","10":"instock","11":"shipping-taxable","12":"purchasable","13":"product-type-variable","14":"has-default-attributes"},"yoast_head":"<!-- This site is optimized with the Yoast SEO plugin v27.3 - https:\/\/yoast.com\/product\/yoast-seo-wordpress\/ -->\n<title>MicroStation - Cad Connect<\/title>\n<meta name=\"robots\" content=\"index, follow, max-snippet:-1, max-image-preview:large, max-video-preview:-1\" \/>\n<link rel=\"canonical\" href=\"https:\/\/www.cadconnect.com\/prodotto\/microstation\/\" \/>\n<meta property=\"og:locale\" content=\"pt_BR\" \/>\n<meta property=\"og:type\" content=\"article\" \/>\n<meta property=\"og:title\" content=\"MicroStation - Cad Connect\" \/>\n<meta property=\"og:description\" content=\"MicroStation CAD 3D di Bentley Systems \u00e8 una piattaforma che permette di affrontare in modo semplice ed efficiente ogni tipologia di progetto. Con MicroStation\u00ae \u00e8 infatti possibile realizzare architettura, design, soluzioni ingegneristiche infinite per complessit\u00e0 e variet\u00e0, arrivando alla gestione del progetto su coordinate geografiche reali cos\u00ec da verificarne la corretta collocazione in fase di realizzazione.\" \/>\n<meta property=\"og:url\" content=\"https:\/\/www.cadconnect.com\/prodotto\/microstation\/\" \/>\n<meta property=\"og:site_name\" content=\"Cad Connect\" \/>\n<meta property=\"article:publisher\" content=\"https:\/\/www.facebook.com\/cad.connect1970\" \/>\n<meta property=\"article:modified_time\" content=\"2026-04-08T16:13:21+00:00\" \/>\n<meta property=\"og:image\" content=\"https:\/\/www.cadconnect.com\/wp-content\/uploads\/2025\/05\/Cover-corso-Microstation.png\" \/>\n\t<meta property=\"og:image:width\" content=\"247\" \/>\n\t<meta property=\"og:image:height\" content=\"245\" \/>\n\t<meta property=\"og:image:type\" content=\"image\/png\" \/>\n<meta name=\"twitter:card\" content=\"summary_large_image\" \/>\n<meta name=\"twitter:label1\" content=\"Est. tempo de leitura\" \/>\n\t<meta name=\"twitter:data1\" content=\"1 minuto\" \/>\n<script type=\"application\/ld+json\" class=\"yoast-schema-graph\">{\"@context\":\"https:\\\/\\\/schema.org\",\"@graph\":[{\"@type\":\"WebPage\",\"@id\":\"https:\\\/\\\/www.cadconnect.com\\\/prodotto\\\/microstation\\\/\",\"url\":\"https:\\\/\\\/www.cadconnect.com\\\/prodotto\\\/microstation\\\/\",\"name\":\"MicroStation - Cad Connect\",\"isPartOf\":{\"@id\":\"https:\\\/\\\/www.cadconnect.com\\\/#website\"},\"primaryImageOfPage\":{\"@id\":\"https:\\\/\\\/www.cadconnect.com\\\/prodotto\\\/microstation\\\/#primaryimage\"},\"image\":{\"@id\":\"https:\\\/\\\/www.cadconnect.com\\\/prodotto\\\/microstation\\\/#primaryimage\"},\"thumbnailUrl\":\"https:\\\/\\\/www.cadconnect.com\\\/wp-content\\\/uploads\\\/2025\\\/05\\\/Cover-corso-Microstation.png\",\"datePublished\":\"2025-08-07T23:08:37+00:00\",\"dateModified\":\"2026-04-08T16:13:21+00:00\",\"breadcrumb\":{\"@id\":\"https:\\\/\\\/www.cadconnect.com\\\/prodotto\\\/microstation\\\/#breadcrumb\"},\"inLanguage\":\"pt-BR\",\"potentialAction\":[{\"@type\":\"ReadAction\",\"target\":[\"https:\\\/\\\/www.cadconnect.com\\\/prodotto\\\/microstation\\\/\"]}]},{\"@type\":\"ImageObject\",\"inLanguage\":\"pt-BR\",\"@id\":\"https:\\\/\\\/www.cadconnect.com\\\/prodotto\\\/microstation\\\/#primaryimage\",\"url\":\"https:\\\/\\\/www.cadconnect.com\\\/wp-content\\\/uploads\\\/2025\\\/05\\\/Cover-corso-Microstation.png\",\"contentUrl\":\"https:\\\/\\\/www.cadconnect.com\\\/wp-content\\\/uploads\\\/2025\\\/05\\\/Cover-corso-Microstation.png\",\"width\":247,\"height\":245},{\"@type\":\"BreadcrumbList\",\"@id\":\"https:\\\/\\\/www.cadconnect.com\\\/prodotto\\\/microstation\\\/#breadcrumb\",\"itemListElement\":[{\"@type\":\"ListItem\",\"position\":1,\"name\":\"Home\",\"item\":\"https:\\\/\\\/www.cadconnect.com\\\/\"},{\"@type\":\"ListItem\",\"position\":2,\"name\":\"Shop\",\"item\":\"https:\\\/\\\/www.cadconnect.com\\\/negozio\\\/\"},{\"@type\":\"ListItem\",\"position\":3,\"name\":\"MicroStation\"}]},{\"@type\":\"WebSite\",\"@id\":\"https:\\\/\\\/www.cadconnect.com\\\/#website\",\"url\":\"https:\\\/\\\/www.cadconnect.com\\\/\",\"name\":\"Cad Connect\",\"description\":\"Software e Servizi per la progettazione\",\"publisher\":{\"@id\":\"https:\\\/\\\/www.cadconnect.com\\\/#organization\"},\"potentialAction\":[{\"@type\":\"SearchAction\",\"target\":{\"@type\":\"EntryPoint\",\"urlTemplate\":\"https:\\\/\\\/www.cadconnect.com\\\/?s={search_term_string}\"},\"query-input\":{\"@type\":\"PropertyValueSpecification\",\"valueRequired\":true,\"valueName\":\"search_term_string\"}}],\"inLanguage\":\"pt-BR\"},{\"@type\":\"Organization\",\"@id\":\"https:\\\/\\\/www.cadconnect.com\\\/#organization\",\"name\":\"Cad Connect\",\"url\":\"https:\\\/\\\/www.cadconnect.com\\\/\",\"logo\":{\"@type\":\"ImageObject\",\"inLanguage\":\"pt-BR\",\"@id\":\"https:\\\/\\\/www.cadconnect.com\\\/#\\\/schema\\\/logo\\\/image\\\/\",\"url\":\"https:\\\/\\\/www.cadconnect.com\\\/wp-content\\\/uploads\\\/2022\\\/07\\\/Logo-Cad-Connect-privacy-7.png\",\"contentUrl\":\"https:\\\/\\\/www.cadconnect.com\\\/wp-content\\\/uploads\\\/2022\\\/07\\\/Logo-Cad-Connect-privacy-7.png\",\"width\":600,\"height\":300,\"caption\":\"Cad Connect\"},\"image\":{\"@id\":\"https:\\\/\\\/www.cadconnect.com\\\/#\\\/schema\\\/logo\\\/image\\\/\"},\"sameAs\":[\"https:\\\/\\\/www.facebook.com\\\/cad.connect1970\"]}]}<\/script>\n<!-- \/ Yoast SEO plugin. -->","yoast_head_json":{"title":"MicroStation - Cad Connect","robots":{"index":"index","follow":"follow","max-snippet":"max-snippet:-1","max-image-preview":"max-image-preview:large","max-video-preview":"max-video-preview:-1"},"canonical":"https:\/\/www.cadconnect.com\/prodotto\/microstation\/","og_locale":"pt_BR","og_type":"article","og_title":"MicroStation - Cad Connect","og_description":"MicroStation CAD 3D di Bentley Systems \u00e8 una piattaforma che permette di affrontare in modo semplice ed efficiente ogni tipologia di progetto. Con MicroStation\u00ae \u00e8 infatti possibile realizzare architettura, design, soluzioni ingegneristiche infinite per complessit\u00e0 e variet\u00e0, arrivando alla gestione del progetto su coordinate geografiche reali cos\u00ec da verificarne la corretta collocazione in fase di realizzazione.","og_url":"https:\/\/www.cadconnect.com\/prodotto\/microstation\/","og_site_name":"Cad Connect","article_publisher":"https:\/\/www.facebook.com\/cad.connect1970","article_modified_time":"2026-04-08T16:13:21+00:00","og_image":[{"width":247,"height":245,"url":"https:\/\/www.cadconnect.com\/wp-content\/uploads\/2025\/05\/Cover-corso-Microstation.png","type":"image\/png"}],"twitter_card":"summary_large_image","twitter_misc":{"Est. tempo de leitura":"1 minuto"},"schema":{"@context":"https:\/\/schema.org","@graph":[{"@type":"WebPage","@id":"https:\/\/www.cadconnect.com\/prodotto\/microstation\/","url":"https:\/\/www.cadconnect.com\/prodotto\/microstation\/","name":"MicroStation - Cad Connect","isPartOf":{"@id":"https:\/\/www.cadconnect.com\/#website"},"primaryImageOfPage":{"@id":"https:\/\/www.cadconnect.com\/prodotto\/microstation\/#primaryimage"},"image":{"@id":"https:\/\/www.cadconnect.com\/prodotto\/microstation\/#primaryimage"},"thumbnailUrl":"https:\/\/www.cadconnect.com\/wp-content\/uploads\/2025\/05\/Cover-corso-Microstation.png","datePublished":"2025-08-07T23:08:37+00:00","dateModified":"2026-04-08T16:13:21+00:00","breadcrumb":{"@id":"https:\/\/www.cadconnect.com\/prodotto\/microstation\/#breadcrumb"},"inLanguage":"pt-BR","potentialAction":[{"@type":"ReadAction","target":["https:\/\/www.cadconnect.com\/prodotto\/microstation\/"]}]},{"@type":"ImageObject","inLanguage":"pt-BR","@id":"https:\/\/www.cadconnect.com\/prodotto\/microstation\/#primaryimage","url":"https:\/\/www.cadconnect.com\/wp-content\/uploads\/2025\/05\/Cover-corso-Microstation.png","contentUrl":"https:\/\/www.cadconnect.com\/wp-content\/uploads\/2025\/05\/Cover-corso-Microstation.png","width":247,"height":245},{"@type":"BreadcrumbList","@id":"https:\/\/www.cadconnect.com\/prodotto\/microstation\/#breadcrumb","itemListElement":[{"@type":"ListItem","position":1,"name":"Home","item":"https:\/\/www.cadconnect.com\/"},{"@type":"ListItem","position":2,"name":"Shop","item":"https:\/\/www.cadconnect.com\/negozio\/"},{"@type":"ListItem","position":3,"name":"MicroStation"}]},{"@type":"WebSite","@id":"https:\/\/www.cadconnect.com\/#website","url":"https:\/\/www.cadconnect.com\/","name":"Cad Connect","description":"Software e Servizi per la progettazione","publisher":{"@id":"https:\/\/www.cadconnect.com\/#organization"},"potentialAction":[{"@type":"SearchAction","target":{"@type":"EntryPoint","urlTemplate":"https:\/\/www.cadconnect.com\/?s={search_term_string}"},"query-input":{"@type":"PropertyValueSpecification","valueRequired":true,"valueName":"search_term_string"}}],"inLanguage":"pt-BR"},{"@type":"Organization","@id":"https:\/\/www.cadconnect.com\/#organization","name":"Cad Connect","url":"https:\/\/www.cadconnect.com\/","logo":{"@type":"ImageObject","inLanguage":"pt-BR","@id":"https:\/\/www.cadconnect.com\/#\/schema\/logo\/image\/","url":"https:\/\/www.cadconnect.com\/wp-content\/uploads\/2022\/07\/Logo-Cad-Connect-privacy-7.png","contentUrl":"https:\/\/www.cadconnect.com\/wp-content\/uploads\/2022\/07\/Logo-Cad-Connect-privacy-7.png","width":600,"height":300,"caption":"Cad Connect"},"image":{"@id":"https:\/\/www.cadconnect.com\/#\/schema\/logo\/image\/"},"sameAs":["https:\/\/www.facebook.com\/cad.connect1970"]}]}},"_links":{"self":[{"href":"https:\/\/www.cadconnect.com\/pt-br\/wp-json\/wp\/v2\/product\/20581","targetHints":{"allow":["GET"]}}],"collection":[{"href":"https:\/\/www.cadconnect.com\/pt-br\/wp-json\/wp\/v2\/product"}],"about":[{"href":"https:\/\/www.cadconnect.com\/pt-br\/wp-json\/wp\/v2\/types\/product"}],"replies":[{"embeddable":true,"href":"https:\/\/www.cadconnect.com\/pt-br\/wp-json\/wp\/v2\/comments?post=20581"}],"version-history":[{"count":26,"href":"https:\/\/www.cadconnect.com\/pt-br\/wp-json\/wp\/v2\/product\/20581\/revisions"}],"predecessor-version":[{"id":23893,"href":"https:\/\/www.cadconnect.com\/pt-br\/wp-json\/wp\/v2\/product\/20581\/revisions\/23893"}],"wp:featuredmedia":[{"embeddable":true,"href":"https:\/\/www.cadconnect.com\/pt-br\/wp-json\/wp\/v2\/media\/19870"}],"wp:attachment":[{"href":"https:\/\/www.cadconnect.com\/pt-br\/wp-json\/wp\/v2\/media?parent=20581"}],"wp:term":[{"taxonomy":"product_brand","embeddable":true,"href":"https:\/\/www.cadconnect.com\/pt-br\/wp-json\/wp\/v2\/product_brand?post=20581"},{"taxonomy":"product_cat","embeddable":true,"href":"https:\/\/www.cadconnect.com\/pt-br\/wp-json\/wp\/v2\/product_cat?post=20581"},{"taxonomy":"product_tag","embeddable":true,"href":"https:\/\/www.cadconnect.com\/pt-br\/wp-json\/wp\/v2\/product_tag?post=20581"}],"curies":[{"name":"wp","href":"https:\/\/api.w.org\/{rel}","templated":true}]}}