{"id":14850,"date":"2020-05-30T18:23:17","date_gmt":"2020-05-30T16:23:17","guid":{"rendered":"https:\/\/www.cadconnect.com\/contatos\/"},"modified":"2023-12-05T21:48:02","modified_gmt":"2023-12-05T20:48:02","slug":"contatos","status":"publish","type":"page","link":"https:\/\/www.cadconnect.com\/pt-br\/contatos\/","title":{"rendered":"Contatos"},"content":{"rendered":"\t\t<div data-elementor-type=\"wp-page\" data-elementor-id=\"14850\" class=\"elementor elementor-14850 elementor-882\" wpc-filter-elementor-widget=\"1\" data-elementor-post-type=\"page\">\n\t\t\t\t\t\t<section class=\"elementor-section elementor-top-section elementor-element elementor-element-1c414df elementor-section-boxed elementor-section-height-default elementor-section-height-default\" data-id=\"1c414df\" data-element_type=\"section\" data-e-type=\"section\">\n\t\t\t\t\t\t<div class=\"elementor-container elementor-column-gap-no\">\n\t\t\t\t\t<div class=\"elementor-column elementor-col-100 elementor-top-column elementor-element elementor-element-7679440\" data-id=\"7679440\" data-element_type=\"column\" data-e-type=\"column\">\n\t\t\t<div class=\"elementor-widget-wrap elementor-element-populated\">\n\t\t\t\t\t\t<div class=\"elementor-element elementor-element-f749208 elementor-widget elementor-widget-image\" data-id=\"f749208\" data-element_type=\"widget\" data-e-type=\"widget\" data-widget_type=\"image.default\">\n\t\t\t\t<div class=\"elementor-widget-container\">\n\t\t\t\t\t\t\t\t\t\t\t\t\t\t\t<img decoding=\"async\" src=\"https:\/\/www.cadconnect.com\/wp-content\/uploads\/2020\/05\/Cad-Connect-contatti.jpg\" title=\"\" alt=\"Cad Connect contatti\" loading=\"lazy\" \/>\t\t\t\t\t\t\t\t\t\t\t\t\t\t\t<\/div>\n\t\t\t\t<\/div>\n\t\t\t\t\t<\/div>\n\t\t<\/div>\n\t\t\t\t\t<\/div>\n\t\t<\/section>\n\t\t\t\t<section class=\"elementor-section elementor-top-section elementor-element elementor-element-4854f35 elementor-section-boxed elementor-section-height-default elementor-section-height-default\" data-id=\"4854f35\" data-element_type=\"section\" data-e-type=\"section\" data-settings=\"{&quot;background_background&quot;:&quot;classic&quot;}\">\n\t\t\t\t\t\t<div class=\"elementor-container elementor-column-gap-no\">\n\t\t\t\t\t<div class=\"elementor-column elementor-col-50 elementor-top-column elementor-element elementor-element-776f69b\" data-id=\"776f69b\" data-element_type=\"column\" data-e-type=\"column\" data-settings=\"{&quot;background_background&quot;:&quot;classic&quot;}\">\n\t\t\t<div class=\"elementor-widget-wrap elementor-element-populated\">\n\t\t\t\t\t\t<div class=\"elementor-element elementor-element-c833288 elementor-widget elementor-widget-text-editor\" data-id=\"c833288\" data-element_type=\"widget\" data-e-type=\"widget\" data-widget_type=\"text-editor.default\">\n\t\t\t\t<div class=\"elementor-widget-container\">\n\t\t\t\t\t\t\t\t\t<h2 style=\"text-align: right;\">CAD CONNECT S.a.s.<\/h2><h5 style=\"text-align: right;\">de Simone Spinaci<\/h5><p style=\"text-align: right;\"><img decoding=\"async\" class=\"alignnone wp-image-889\" src=\"https:\/\/www.cadconnect.com\/wp-content\/uploads\/2020\/05\/bentley-platinum-channel-partner.png\" alt=\"Bentley platinum channel partner logo\" width=\"150\" height=\"68\" \/><img decoding=\"async\" class=\"alignnone wp-image-14421\" src=\"https:\/\/www.cadconnect.com\/wp-content\/uploads\/2023\/11\/Bentley-Training-Partner.png\" alt=\"\" width=\"120\" height=\"120\" srcset=\"https:\/\/www.cadconnect.com\/wp-content\/uploads\/2023\/11\/Bentley-Training-Partner.png 340w, https:\/\/www.cadconnect.com\/wp-content\/uploads\/2023\/11\/Bentley-Training-Partner-300x300.png 300w, https:\/\/www.cadconnect.com\/wp-content\/uploads\/2023\/11\/Bentley-Training-Partner-100x100.png 100w\" sizes=\"(max-width: 120px) 100vw, 120px\" \/><\/p><h6 style=\"text-align: right;\"><span style=\"color: #99cc00;\">IT\u00c1LIA<\/span><br \/>via Tagliamento, 14 Fano 61032 (PU)<br \/>tel +39 0721 862458<br \/>mail: <a href=\"mailto:info@cadconnect.it\">info@cadconnect.it<\/a><\/h6><h6 style=\"text-align: right;\"><span style=\"color: #99cc00;\">BRASIL<br \/><\/span>R. Artur Guerreiro, 227 \u2013 Perequ\u00ea, Porto Belo \u2013 SC,<br \/>88210-000<br \/>tel +47 99121-0041<br \/>mail: <a href=\"mailto:brasil@cadconnect.it\" target=\"_blank\" rel=\"noopener\">brasil@cadconnect.it<\/a><\/h6>\t\t\t\t\t\t\t\t<\/div>\n\t\t\t\t<\/div>\n\t\t\t\t\t<\/div>\n\t\t<\/div>\n\t\t\t\t<div class=\"elementor-column elementor-col-50 elementor-top-column elementor-element elementor-element-a99755d\" data-id=\"a99755d\" data-element_type=\"column\" data-e-type=\"column\" data-settings=\"{&quot;background_background&quot;:&quot;classic&quot;}\">\n\t\t\t<div class=\"elementor-widget-wrap elementor-element-populated\">\n\t\t\t\t\t\t<div class=\"elementor-element elementor-element-ce7239a elementor-widget elementor-widget-text-editor\" data-id=\"ce7239a\" data-element_type=\"widget\" data-e-type=\"widget\" data-widget_type=\"text-editor.default\">\n\t\t\t\t<div class=\"elementor-widget-container\">\n\t\t\t\t\t\t\t\t\t<p><strong>Formul\u00e1rio de solicita\u00e7\u00e3o de informa\u00e7\u00f5es<\/strong><span style=\"color: #333300;\"><br \/><\/span><\/p>\n\t\t\t\t\t\t\t\t<\/div>\n\t\t\t\t<\/div>\n\t\t\t\t<div class=\"elementor-element elementor-element-316b25e elementor-button-align-stretch elementor-widget elementor-widget-form\" data-id=\"316b25e\" data-element_type=\"widget\" data-e-type=\"widget\" data-settings=\"{&quot;_animation&quot;:&quot;none&quot;,&quot;step_next_label&quot;:&quot;Seguindo&quot;,&quot;step_previous_label&quot;:&quot;Anterior&quot;,&quot;button_width&quot;:&quot;100&quot;,&quot;step_type&quot;:&quot;number_text&quot;,&quot;step_icon_shape&quot;:&quot;circle&quot;}\" data-widget_type=\"form.default\">\n\t\t\t\t<div class=\"elementor-widget-container\">\n\t\t\t\t\t\t\t<form class=\"elementor-form\" method=\"post\" name=\"pedido de informa\u00e7\u00e3o\" aria-label=\"pedido de informa\u00e7\u00e3o\">\n\t\t\t<input type=\"hidden\" name=\"post_id\" value=\"14850\"\/>\n\t\t\t<input type=\"hidden\" name=\"form_id\" value=\"316b25e\"\/>\n\t\t\t<input type=\"hidden\" name=\"referer_title\" value=\"Contatos - Cad Connect\" \/>\n\n\t\t\t\t\t\t\t<input type=\"hidden\" name=\"queried_id\" value=\"14850\"\/>\n\t\t\t\n\t\t\t<div class=\"elementor-form-fields-wrapper elementor-labels-above\">\n\t\t\t\t\t\t\t\t<div class=\"elementor-field-type-text elementor-field-group elementor-column elementor-field-group-first_name elementor-col-60 elementor-field-required elementor-mark-required\">\n\t\t\t\t\t\t\t\t\t\t\t\t<label for=\"form-field-first_name\" class=\"elementor-field-label\">\n\t\t\t\t\t\t\t\tNome\t\t\t\t\t\t\t<\/label>\n\t\t\t\t\t\t\t\t\t\t\t\t\t\t<input size=\"1\" type=\"text\" name=\"form_fields[first_name]\" id=\"form-field-first_name\" class=\"elementor-field elementor-size-md  elementor-field-textual\" placeholder=\"Nome\" required=\"required\">\n\t\t\t\t\t\t\t\t\t\t\t<\/div>\n\t\t\t\t\t\t\t\t<div class=\"elementor-field-type-text elementor-field-group elementor-column elementor-field-group-last_name elementor-col-60 elementor-field-required elementor-mark-required\">\n\t\t\t\t\t\t\t\t\t\t\t\t<label for=\"form-field-last_name\" class=\"elementor-field-label\">\n\t\t\t\t\t\t\t\tSobrenome\t\t\t\t\t\t\t<\/label>\n\t\t\t\t\t\t\t\t\t\t\t\t\t\t<input size=\"1\" type=\"text\" name=\"form_fields[last_name]\" id=\"form-field-last_name\" class=\"elementor-field elementor-size-md  elementor-field-textual\" placeholder=\"Sobrenome\" required=\"required\">\n\t\t\t\t\t\t\t\t\t\t\t<\/div>\n\t\t\t\t\t\t\t\t<div class=\"elementor-field-type-email elementor-field-group elementor-column elementor-field-group-field_f825324 elementor-col-60 elementor-field-required elementor-mark-required\">\n\t\t\t\t\t\t\t\t\t\t\t\t<label for=\"form-field-field_f825324\" class=\"elementor-field-label\">\n\t\t\t\t\t\t\t\tEmail\t\t\t\t\t\t\t<\/label>\n\t\t\t\t\t\t\t\t\t\t\t\t\t\t<input size=\"1\" type=\"email\" name=\"form_fields[field_f825324]\" id=\"form-field-field_f825324\" class=\"elementor-field elementor-size-md  elementor-field-textual\" placeholder=\"Email\" required=\"required\">\n\t\t\t\t\t\t\t\t\t\t\t<\/div>\n\t\t\t\t\t\t\t\t<div class=\"elementor-field-type-text elementor-field-group elementor-column elementor-field-group-field_9d320c0 elementor-col-100\">\n\t\t\t\t\t\t\t\t\t\t\t\t<label for=\"form-field-field_9d320c0\" class=\"elementor-field-label\">\n\t\t\t\t\t\t\t\tNome da empresa\t\t\t\t\t\t\t<\/label>\n\t\t\t\t\t\t\t\t\t\t\t\t\t\t<input size=\"1\" type=\"text\" name=\"form_fields[field_9d320c0]\" id=\"form-field-field_9d320c0\" class=\"elementor-field elementor-size-md  elementor-field-textual\" placeholder=\"Nome da empresa\">\n\t\t\t\t\t\t\t\t\t\t\t<\/div>\n\t\t\t\t\t\t\t\t<div class=\"elementor-field-type-textarea elementor-field-group elementor-column elementor-field-group-field_967abb2 elementor-col-100 elementor-field-required elementor-mark-required\">\n\t\t\t\t\t\t\t\t\t\t\t\t<label for=\"form-field-field_967abb2\" class=\"elementor-field-label\">\n\t\t\t\t\t\t\t\tMotivo da solicita\u00e7\u00e3o\t\t\t\t\t\t\t<\/label>\n\t\t\t\t\t\t<textarea class=\"elementor-field-textual elementor-field  elementor-size-md\" name=\"form_fields[field_967abb2]\" id=\"form-field-field_967abb2\" rows=\"5\" required=\"required\"><\/textarea>\t\t\t\t<\/div>\n\t\t\t\t\t\t\t\t<div class=\"elementor-field-type-text\">\n\t\t\t\t\t<input size=\"1\" type=\"text\" name=\"form_fields[field_537af5a]\" id=\"form-field-field_537af5a\" class=\"elementor-field elementor-size-md \" style=\"display:none !important;\">\t\t\t\t<\/div>\n\t\t\t\t\t\t\t\t<div class=\"elementor-field-type-acceptance elementor-field-group elementor-column elementor-field-group-field_4a93b6f elementor-col-100 elementor-field-required elementor-mark-required\">\n\t\t\t\t\t\t\t\t\t\t\t\t<label for=\"form-field-field_4a93b6f\" class=\"elementor-field-label\">\n\t\t\t\t\t\t\t\tCONSENTIMENTO DE PRIVACIDADE\t\t\t\t\t\t\t<\/label>\n\t\t\t\t\t\t\t\t<div class=\"elementor-field-subgroup\">\n\t\t\t<span class=\"elementor-field-option\">\n\t\t\t\t<input type=\"checkbox\" name=\"form_fields[field_4a93b6f]\" id=\"form-field-field_4a93b6f\" class=\"elementor-field elementor-size-md  elementor-acceptance-field\" required=\"required\">\n\t\t\t\t<label for=\"form-field-field_4a93b6f\">Declaro que li e aceito a <a href=\"https:\/\/www.cadconnect.com\/pt-br\/declaracao-de-privacidade-br\/\" target=\"_blank\">Declara\u00e7\u00e3o de privacidade<\/a><\/label>\t\t\t<\/span>\n\t\t<\/div>\n\t\t\t\t\t\t<\/div>\n\t\t\t\t\t\t\t\t<div class=\"elementor-field-type-recaptcha elementor-field-group elementor-column elementor-field-group-field_6e41f04 elementor-col-100\">\n\t\t\t\t\t<div class=\"elementor-field\" id=\"form-field-field_6e41f04\"><div class=\"elementor-g-recaptcha\" data-sitekey=\"6Ldue9cjAAAAABuIxXzGxks_UgmjPOKNMSPXUv3-\" data-type=\"v2_checkbox\" data-theme=\"light\" data-size=\"normal\"><\/div><\/div>\t\t\t\t<\/div>\n\t\t\t\t\t\t\t\t<div class=\"elementor-field-group elementor-column elementor-field-type-submit elementor-col-100 e-form__buttons\">\n\t\t\t\t\t<button class=\"elementor-button elementor-size-md\" type=\"submit\">\n\t\t\t\t\t\t<span class=\"elementor-button-content-wrapper\">\n\t\t\t\t\t\t\t\t\t\t\t\t\t\t\t<span class=\"elementor-button-icon\">\n\t\t\t\t\t\t\t\t\t<i aria-hidden=\"true\" class=\"fas fa-check\"><\/i>\t\t\t\t\t\t\t\t\t\t\t\t\t\t\t\t\t<\/span>\n\t\t\t\t\t\t\t\t\t\t\t\t\t\t\t\t\t\t\t\t\t\t<span class=\"elementor-button-text\">Enviar consulta<\/span>\n\t\t\t\t\t\t\t\t\t\t\t\t\t<\/span>\n\t\t\t\t\t<\/button>\n\t\t\t\t<\/div>\n\t\t\t<\/div>\n\t\t<\/form>\n\t\t\t\t\t\t<\/div>\n\t\t\t\t<\/div>\n\t\t\t\t<div class=\"elementor-element elementor-element-0e1d1b8 elementor-widget elementor-widget-spacer\" data-id=\"0e1d1b8\" data-element_type=\"widget\" data-e-type=\"widget\" data-widget_type=\"spacer.default\">\n\t\t\t\t<div class=\"elementor-widget-container\">\n\t\t\t\t\t\t\t<div class=\"elementor-spacer\">\n\t\t\t<div class=\"elementor-spacer-inner\"><\/div>\n\t\t<\/div>\n\t\t\t\t\t\t<\/div>\n\t\t\t\t<\/div>\n\t\t\t\t\t<\/div>\n\t\t<\/div>\n\t\t\t\t\t<\/div>\n\t\t<\/section>\n\t\t\t\t<\/div>\n\t\t","protected":false},"excerpt":{"rendered":"<p>CAD CONNECT S.a.s. de Simone Spinaci IT\u00c1LIAvia Tagliamento, 14 Fano 61032 (PU)tel +39 0721 862458mail: info@cadconnect.it BRASILR. Artur Guerreiro, 227 \u2013 Perequ\u00ea, Porto Belo \u2013 SC,88210-000tel +47 99121-0041mail: brasil@cadconnect.it Formul\u00e1rio de solicita\u00e7\u00e3o de informa\u00e7\u00f5es<\/p>\n","protected":false},"author":7,"featured_media":0,"parent":0,"menu_order":0,"comment_status":"closed","ping_status":"closed","template":"elementor_header_footer","meta":{"_monsterinsights_skip_tracking":false,"_monsterinsights_sitenote_active":false,"_monsterinsights_sitenote_note":"","_monsterinsights_sitenote_category":0,"footnotes":""},"class_list":["post-14850","page","type-page","status-publish","hentry"],"yoast_head":"<!-- This site is optimized with the Yoast SEO plugin v27.3 - https:\/\/yoast.com\/product\/yoast-seo-wordpress\/ -->\n<title>Contatos - Cad Connect<\/title>\n<meta name=\"description\" content=\"Cad Connect Bentley System - entre em contato conosco para consultoria personalizada sobre software ou suporte ao produto Bentley System.\" \/>\n<meta name=\"robots\" content=\"index, follow, max-snippet:-1, max-image-preview:large, max-video-preview:-1\" \/>\n<link rel=\"canonical\" href=\"https:\/\/www.cadconnect.com\/contatti\/\" \/>\n<meta property=\"og:locale\" content=\"pt_BR\" \/>\n<meta property=\"og:type\" content=\"article\" \/>\n<meta property=\"og:title\" content=\"Contatos - Cad Connect\" \/>\n<meta property=\"og:description\" content=\"Cad Connect Bentley System - entre em contato conosco para consultoria personalizada sobre software ou suporte ao produto Bentley System.\" \/>\n<meta property=\"og:url\" content=\"https:\/\/www.cadconnect.com\/contatti\/\" \/>\n<meta property=\"og:site_name\" content=\"Cad Connect\" \/>\n<meta property=\"article:publisher\" content=\"https:\/\/www.facebook.com\/cad.connect1970\" \/>\n<meta property=\"article:modified_time\" content=\"2023-12-05T20:48:02+00:00\" \/>\n<meta property=\"og:image\" content=\"https:\/\/www.cadconnect.com\/wp-content\/uploads\/2020\/05\/Cad-Connect-contatti-1.jpg\" \/>\n<meta name=\"twitter:card\" content=\"summary_large_image\" \/>\n<script type=\"application\/ld+json\" class=\"yoast-schema-graph\">{\"@context\":\"https:\\\/\\\/schema.org\",\"@graph\":[{\"@type\":\"WebPage\",\"@id\":\"https:\\\/\\\/www.cadconnect.com\\\/contatti\\\/\",\"url\":\"https:\\\/\\\/www.cadconnect.com\\\/contatti\\\/\",\"name\":\"Contatos - Cad Connect\",\"isPartOf\":{\"@id\":\"https:\\\/\\\/www.cadconnect.com\\\/#website\"},\"primaryImageOfPage\":{\"@id\":\"https:\\\/\\\/www.cadconnect.com\\\/contatti\\\/#primaryimage\"},\"image\":{\"@id\":\"https:\\\/\\\/www.cadconnect.com\\\/contatti\\\/#primaryimage\"},\"thumbnailUrl\":\"https:\\\/\\\/www.cadconnect.com\\\/wp-content\\\/uploads\\\/2020\\\/05\\\/Cad-Connect-contatti-1.jpg\",\"datePublished\":\"2020-05-30T16:23:17+00:00\",\"dateModified\":\"2023-12-05T20:48:02+00:00\",\"description\":\"Cad Connect Bentley System - entre em contato conosco para consultoria personalizada sobre software ou suporte ao produto Bentley System.\",\"breadcrumb\":{\"@id\":\"https:\\\/\\\/www.cadconnect.com\\\/contatti\\\/#breadcrumb\"},\"inLanguage\":\"pt-BR\",\"potentialAction\":[{\"@type\":\"ReadAction\",\"target\":[\"https:\\\/\\\/www.cadconnect.com\\\/contatti\\\/\"]}]},{\"@type\":\"ImageObject\",\"inLanguage\":\"pt-BR\",\"@id\":\"https:\\\/\\\/www.cadconnect.com\\\/contatti\\\/#primaryimage\",\"url\":\"https:\\\/\\\/www.cadconnect.com\\\/wp-content\\\/uploads\\\/2020\\\/05\\\/Cad-Connect-contatti-1.jpg\",\"contentUrl\":\"https:\\\/\\\/www.cadconnect.com\\\/wp-content\\\/uploads\\\/2020\\\/05\\\/Cad-Connect-contatti-1.jpg\"},{\"@type\":\"BreadcrumbList\",\"@id\":\"https:\\\/\\\/www.cadconnect.com\\\/contatti\\\/#breadcrumb\",\"itemListElement\":[{\"@type\":\"ListItem\",\"position\":1,\"name\":\"Home\",\"item\":\"https:\\\/\\\/www.cadconnect.com\\\/\"},{\"@type\":\"ListItem\",\"position\":2,\"name\":\"Contatos\"}]},{\"@type\":\"WebSite\",\"@id\":\"https:\\\/\\\/www.cadconnect.com\\\/#website\",\"url\":\"https:\\\/\\\/www.cadconnect.com\\\/\",\"name\":\"Cad Connect\",\"description\":\"Software e Servizi per la progettazione\",\"publisher\":{\"@id\":\"https:\\\/\\\/www.cadconnect.com\\\/#organization\"},\"potentialAction\":[{\"@type\":\"SearchAction\",\"target\":{\"@type\":\"EntryPoint\",\"urlTemplate\":\"https:\\\/\\\/www.cadconnect.com\\\/?s={search_term_string}\"},\"query-input\":{\"@type\":\"PropertyValueSpecification\",\"valueRequired\":true,\"valueName\":\"search_term_string\"}}],\"inLanguage\":\"pt-BR\"},{\"@type\":\"Organization\",\"@id\":\"https:\\\/\\\/www.cadconnect.com\\\/#organization\",\"name\":\"Cad Connect\",\"url\":\"https:\\\/\\\/www.cadconnect.com\\\/\",\"logo\":{\"@type\":\"ImageObject\",\"inLanguage\":\"pt-BR\",\"@id\":\"https:\\\/\\\/www.cadconnect.com\\\/#\\\/schema\\\/logo\\\/image\\\/\",\"url\":\"https:\\\/\\\/www.cadconnect.com\\\/wp-content\\\/uploads\\\/2022\\\/07\\\/Logo-Cad-Connect-privacy-7.png\",\"contentUrl\":\"https:\\\/\\\/www.cadconnect.com\\\/wp-content\\\/uploads\\\/2022\\\/07\\\/Logo-Cad-Connect-privacy-7.png\",\"width\":600,\"height\":300,\"caption\":\"Cad Connect\"},\"image\":{\"@id\":\"https:\\\/\\\/www.cadconnect.com\\\/#\\\/schema\\\/logo\\\/image\\\/\"},\"sameAs\":[\"https:\\\/\\\/www.facebook.com\\\/cad.connect1970\"]}]}<\/script>\n<!-- \/ Yoast SEO plugin. -->","yoast_head_json":{"title":"Contatos - Cad Connect","description":"Cad Connect Bentley System - entre em contato conosco para consultoria personalizada sobre software ou suporte ao produto Bentley System.","robots":{"index":"index","follow":"follow","max-snippet":"max-snippet:-1","max-image-preview":"max-image-preview:large","max-video-preview":"max-video-preview:-1"},"canonical":"https:\/\/www.cadconnect.com\/contatti\/","og_locale":"pt_BR","og_type":"article","og_title":"Contatos - Cad Connect","og_description":"Cad Connect Bentley System - entre em contato conosco para consultoria personalizada sobre software ou suporte ao produto Bentley System.","og_url":"https:\/\/www.cadconnect.com\/contatti\/","og_site_name":"Cad Connect","article_publisher":"https:\/\/www.facebook.com\/cad.connect1970","article_modified_time":"2023-12-05T20:48:02+00:00","og_image":[{"url":"https:\/\/www.cadconnect.com\/wp-content\/uploads\/2020\/05\/Cad-Connect-contatti-1.jpg","type":"","width":"","height":""}],"twitter_card":"summary_large_image","schema":{"@context":"https:\/\/schema.org","@graph":[{"@type":"WebPage","@id":"https:\/\/www.cadconnect.com\/contatti\/","url":"https:\/\/www.cadconnect.com\/contatti\/","name":"Contatos - Cad Connect","isPartOf":{"@id":"https:\/\/www.cadconnect.com\/#website"},"primaryImageOfPage":{"@id":"https:\/\/www.cadconnect.com\/contatti\/#primaryimage"},"image":{"@id":"https:\/\/www.cadconnect.com\/contatti\/#primaryimage"},"thumbnailUrl":"https:\/\/www.cadconnect.com\/wp-content\/uploads\/2020\/05\/Cad-Connect-contatti-1.jpg","datePublished":"2020-05-30T16:23:17+00:00","dateModified":"2023-12-05T20:48:02+00:00","description":"Cad Connect Bentley System - entre em contato conosco para consultoria personalizada sobre software ou suporte ao produto Bentley System.","breadcrumb":{"@id":"https:\/\/www.cadconnect.com\/contatti\/#breadcrumb"},"inLanguage":"pt-BR","potentialAction":[{"@type":"ReadAction","target":["https:\/\/www.cadconnect.com\/contatti\/"]}]},{"@type":"ImageObject","inLanguage":"pt-BR","@id":"https:\/\/www.cadconnect.com\/contatti\/#primaryimage","url":"https:\/\/www.cadconnect.com\/wp-content\/uploads\/2020\/05\/Cad-Connect-contatti-1.jpg","contentUrl":"https:\/\/www.cadconnect.com\/wp-content\/uploads\/2020\/05\/Cad-Connect-contatti-1.jpg"},{"@type":"BreadcrumbList","@id":"https:\/\/www.cadconnect.com\/contatti\/#breadcrumb","itemListElement":[{"@type":"ListItem","position":1,"name":"Home","item":"https:\/\/www.cadconnect.com\/"},{"@type":"ListItem","position":2,"name":"Contatos"}]},{"@type":"WebSite","@id":"https:\/\/www.cadconnect.com\/#website","url":"https:\/\/www.cadconnect.com\/","name":"Cad Connect","description":"Software e Servizi per la progettazione","publisher":{"@id":"https:\/\/www.cadconnect.com\/#organization"},"potentialAction":[{"@type":"SearchAction","target":{"@type":"EntryPoint","urlTemplate":"https:\/\/www.cadconnect.com\/?s={search_term_string}"},"query-input":{"@type":"PropertyValueSpecification","valueRequired":true,"valueName":"search_term_string"}}],"inLanguage":"pt-BR"},{"@type":"Organization","@id":"https:\/\/www.cadconnect.com\/#organization","name":"Cad Connect","url":"https:\/\/www.cadconnect.com\/","logo":{"@type":"ImageObject","inLanguage":"pt-BR","@id":"https:\/\/www.cadconnect.com\/#\/schema\/logo\/image\/","url":"https:\/\/www.cadconnect.com\/wp-content\/uploads\/2022\/07\/Logo-Cad-Connect-privacy-7.png","contentUrl":"https:\/\/www.cadconnect.com\/wp-content\/uploads\/2022\/07\/Logo-Cad-Connect-privacy-7.png","width":600,"height":300,"caption":"Cad Connect"},"image":{"@id":"https:\/\/www.cadconnect.com\/#\/schema\/logo\/image\/"},"sameAs":["https:\/\/www.facebook.com\/cad.connect1970"]}]}},"_links":{"self":[{"href":"https:\/\/www.cadconnect.com\/pt-br\/wp-json\/wp\/v2\/pages\/14850","targetHints":{"allow":["GET"]}}],"collection":[{"href":"https:\/\/www.cadconnect.com\/pt-br\/wp-json\/wp\/v2\/pages"}],"about":[{"href":"https:\/\/www.cadconnect.com\/pt-br\/wp-json\/wp\/v2\/types\/page"}],"author":[{"embeddable":true,"href":"https:\/\/www.cadconnect.com\/pt-br\/wp-json\/wp\/v2\/users\/7"}],"replies":[{"embeddable":true,"href":"https:\/\/www.cadconnect.com\/pt-br\/wp-json\/wp\/v2\/comments?post=14850"}],"version-history":[{"count":10,"href":"https:\/\/www.cadconnect.com\/pt-br\/wp-json\/wp\/v2\/pages\/14850\/revisions"}],"predecessor-version":[{"id":14864,"href":"https:\/\/www.cadconnect.com\/pt-br\/wp-json\/wp\/v2\/pages\/14850\/revisions\/14864"}],"wp:attachment":[{"href":"https:\/\/www.cadconnect.com\/pt-br\/wp-json\/wp\/v2\/media?parent=14850"}],"curies":[{"name":"wp","href":"https:\/\/api.w.org\/{rel}","templated":true}]}}