{"id":14640,"date":"2023-01-12T20:06:57","date_gmt":"2023-01-12T19:06:57","guid":{"rendered":"https:\/\/www.cadconnect.com\/pagina-juridica\/"},"modified":"2023-11-27T15:25:19","modified_gmt":"2023-11-27T14:25:19","slug":"pagina-juridica","status":"publish","type":"page","link":"https:\/\/www.cadconnect.com\/pt-br\/pagina-juridica\/","title":{"rendered":"P\u00e1gina jur\u00eddica"},"content":{"rendered":"\t\t<div data-elementor-type=\"wp-page\" data-elementor-id=\"14640\" class=\"elementor elementor-14640 elementor-11710\" wpc-filter-elementor-widget=\"1\" data-elementor-post-type=\"page\">\n\t\t\t\t\t\t<section class=\"elementor-section elementor-top-section elementor-element elementor-element-34a3a6c elementor-section-boxed elementor-section-height-default elementor-section-height-default\" data-id=\"34a3a6c\" data-element_type=\"section\" data-e-type=\"section\">\n\t\t\t\t\t\t<div class=\"elementor-container elementor-column-gap-default\">\n\t\t\t\t\t<div class=\"elementor-column elementor-col-100 elementor-top-column elementor-element elementor-element-7066db7\" data-id=\"7066db7\" data-element_type=\"column\" data-e-type=\"column\">\n\t\t\t<div class=\"elementor-widget-wrap elementor-element-populated\">\n\t\t\t\t\t\t<div class=\"elementor-element elementor-element-6565584 elementor-widget elementor-widget-spacer\" data-id=\"6565584\" data-element_type=\"widget\" data-e-type=\"widget\" data-widget_type=\"spacer.default\">\n\t\t\t\t<div class=\"elementor-widget-container\">\n\t\t\t\t\t\t\t<div class=\"elementor-spacer\">\n\t\t\t<div class=\"elementor-spacer-inner\"><\/div>\n\t\t<\/div>\n\t\t\t\t\t\t<\/div>\n\t\t\t\t<\/div>\n\t\t\t\t<div class=\"elementor-element elementor-element-ece417f elementor-widget elementor-widget-heading\" data-id=\"ece417f\" data-element_type=\"widget\" data-e-type=\"widget\" data-widget_type=\"heading.default\">\n\t\t\t\t<div class=\"elementor-widget-container\">\n\t\t\t\t\t<h2 class=\"elementor-heading-title elementor-size-default\">P\u00e1gina jur\u00eddica<\/h2>\t\t\t\t<\/div>\n\t\t\t\t<\/div>\n\t\t\t\t<div class=\"elementor-element elementor-element-d849c2a elementor-widget elementor-widget-text-editor\" data-id=\"d849c2a\" data-element_type=\"widget\" data-e-type=\"widget\" data-widget_type=\"text-editor.default\">\n\t\t\t\t<div class=\"elementor-widget-container\">\n\t\t\t\t\t\t\t\t\t<p>Este \u00e9 o nosso centro jur\u00eddico. D\u00ea uma olhada em nossos documentos legais, gerencie seu consentimento e exer\u00e7a seus direitos de privacidade. Para qualquer d\u00favida espec\u00edfica, observe as possibilidades de comunica\u00e7\u00e3o indicadas no documento espec\u00edfico.<\/p>\n\t\t\t\t\t\t\t\t<\/div>\n\t\t\t\t<\/div>\n\t\t\t\t\t<\/div>\n\t\t<\/div>\n\t\t\t\t\t<\/div>\n\t\t<\/section>\n\t\t\t\t<section class=\"elementor-section elementor-top-section elementor-element elementor-element-bb6ab85 elementor-section-boxed elementor-section-height-default elementor-section-height-default\" data-id=\"bb6ab85\" data-element_type=\"section\" data-e-type=\"section\" data-settings=\"{&quot;background_background&quot;:&quot;classic&quot;}\">\n\t\t\t\t\t\t<div class=\"elementor-container elementor-column-gap-default\">\n\t\t\t\t\t<div class=\"elementor-column elementor-col-50 elementor-top-column elementor-element elementor-element-cfb4f87\" data-id=\"cfb4f87\" data-element_type=\"column\" data-e-type=\"column\" data-settings=\"{&quot;background_background&quot;:&quot;classic&quot;}\">\n\t\t\t<div class=\"elementor-widget-wrap elementor-element-populated\">\n\t\t\t\t\t\t<div class=\"elementor-element elementor-element-15af32c elementor-widget elementor-widget-heading\" data-id=\"15af32c\" data-element_type=\"widget\" data-e-type=\"widget\" data-widget_type=\"heading.default\">\n\t\t\t\t<div class=\"elementor-widget-container\">\n\t\t\t\t\t<h3 class=\"elementor-heading-title elementor-size-default\">Pol\u00edtica de Cookies<\/h3>\t\t\t\t<\/div>\n\t\t\t\t<\/div>\n\t\t\t\t<div class=\"elementor-element elementor-element-ad71b0e elementor-widget elementor-widget-text-editor\" data-id=\"ad71b0e\" data-element_type=\"widget\" data-e-type=\"widget\" data-widget_type=\"text-editor.default\">\n\t\t\t\t<div class=\"elementor-widget-container\">\n\t\t\t\t\t\t\t\t\t<p>Leia mais sobre os cookies que utilizamos e gerimos o seu consentimento.<\/p>\n\t\t\t\t\t\t\t\t<\/div>\n\t\t\t\t<\/div>\n\t\t\t\t<div class=\"elementor-element elementor-element-75646d9 elementor-widget elementor-widget-text-editor\" data-id=\"75646d9\" data-element_type=\"widget\" data-e-type=\"widget\" data-widget_type=\"text-editor.default\">\n\t\t\t\t<div class=\"elementor-widget-container\">\n\t\t\t\t\t\t\t\t\t<p><a href=\"\/cookie-policy\/?cmplz_region_redirect=true\">Leja mais<\/a><\/p>\n\t\t\t\t\t\t\t\t<\/div>\n\t\t\t\t<\/div>\n\t\t\t\t\t<\/div>\n\t\t<\/div>\n\t\t\t\t<div class=\"elementor-column elementor-col-50 elementor-top-column elementor-element elementor-element-a21b00f\" data-id=\"a21b00f\" data-element_type=\"column\" data-e-type=\"column\" data-settings=\"{&quot;background_background&quot;:&quot;classic&quot;}\">\n\t\t\t<div class=\"elementor-widget-wrap elementor-element-populated\">\n\t\t\t\t\t\t<div class=\"elementor-element elementor-element-9b199a9 elementor-widget elementor-widget-heading\" data-id=\"9b199a9\" data-element_type=\"widget\" data-e-type=\"widget\" data-widget_type=\"heading.default\">\n\t\t\t\t<div class=\"elementor-widget-container\">\n\t\t\t\t\t<h2 class=\"elementor-heading-title elementor-size-default\">Gerenciar consentimentos<\/h2>\t\t\t\t<\/div>\n\t\t\t\t<\/div>\n\t\t\t\t<div class=\"elementor-element elementor-element-64c16ab elementor-widget elementor-widget-text-editor\" data-id=\"64c16ab\" data-element_type=\"widget\" data-e-type=\"widget\" data-widget_type=\"text-editor.default\">\n\t\t\t\t<div class=\"elementor-widget-container\">\n\t\t\t\t\t\t\t\t\t<p>Abaixo voc\u00ea pode gerenciar seu consentimento. Para mais informa\u00e7\u00f5es, voc\u00ea pode ler mais sobre a pol\u00edtica de cookies da sua regi\u00e3o. Preencha o formul\u00e1rio para exercer seus direitos de privacidade ou fazer uma pergunta.<\/p>\n\t\t\t\t\t\t\t\t<\/div>\n\t\t\t\t<\/div>\n\t\t\t\t<div class=\"elementor-element elementor-element-70ed671 elementor-widget elementor-widget-shortcode\" data-id=\"70ed671\" data-element_type=\"widget\" data-e-type=\"widget\" data-widget_type=\"shortcode.default\">\n\t\t\t\t<div class=\"elementor-widget-container\">\n\t\t\t\t\t\t\t<div class=\"elementor-shortcode\"><div id=\"cmplz-manage-consent-container-nojavascript\">Carregou a Pol\u00edtica de Cookies sem suporte para javascript.&nbsp;No AMP, pode usar o bot\u00e3o de gest\u00e3o de consentimento na parte inferior da p\u00e1gina.<\/div><div id=\"cmplz-manage-consent-container\" name=\"cmplz-manage-consent-container\" class=\"cmplz-manage-consent-container\"><\/div><\/div>\n\t\t\t\t\t\t<\/div>\n\t\t\t\t<\/div>\n\t\t\t\t<div class=\"elementor-element elementor-element-14f2040 elementor-widget elementor-widget-text-editor\" data-id=\"14f2040\" data-element_type=\"widget\" data-e-type=\"widget\" data-widget_type=\"text-editor.default\">\n\t\t\t\t<div class=\"elementor-widget-container\">\n\t\t\t\t\t\t\t\t\t<p>Leia sobre como excluir cookies do seu navegador e aumentar a privacidade.<\/p>\n\t\t\t\t\t\t\t\t<\/div>\n\t\t\t\t<\/div>\n\t\t\t\t<div class=\"elementor-element elementor-element-b5c1ffa elementor-button-align-start elementor-widget elementor-widget-form\" data-id=\"b5c1ffa\" data-element_type=\"widget\" data-e-type=\"widget\" data-settings=\"{&quot;step_next_label&quot;:&quot;Pr\\u00f3ximo&quot;,&quot;step_previous_label&quot;:&quot;Anterior&quot;,&quot;step_type&quot;:&quot;progress_bar&quot;,&quot;button_width&quot;:&quot;100&quot;}\" data-widget_type=\"form.default\">\n\t\t\t\t<div class=\"elementor-widget-container\">\n\t\t\t\t\t\t\t<form class=\"elementor-form\" method=\"post\" id=\"cmplz_form\" name=\"Formul\u00e1rio por Complianz\" aria-label=\"Formul\u00e1rio por Complianz\">\n\t\t\t<input type=\"hidden\" name=\"post_id\" value=\"14640\"\/>\n\t\t\t<input type=\"hidden\" name=\"form_id\" value=\"b5c1ffa\"\/>\n\t\t\t<input type=\"hidden\" name=\"referer_title\" value=\"P\u00e1gina jur\u00eddica - Cad Connect\" \/>\n\n\t\t\t\t\t\t\t<input type=\"hidden\" name=\"queried_id\" value=\"14640\"\/>\n\t\t\t\n\t\t\t<div class=\"elementor-form-fields-wrapper elementor-labels-above\">\n\t\t\t\t\t\t\t\t<div class=\"elementor-field-type-text elementor-field-group elementor-column elementor-field-group-name elementor-col-50\">\n\t\t\t\t\t\t\t\t\t\t\t\t<label for=\"form-field-name\" class=\"elementor-field-label\">\n\t\t\t\t\t\t\t\tNome e Sobrenome\t\t\t\t\t\t\t<\/label>\n\t\t\t\t\t\t\t\t\t\t\t\t\t\t<input size=\"1\" type=\"text\" name=\"form_fields[name]\" id=\"form-field-name\" class=\"elementor-field elementor-size-sm  elementor-field-textual\">\n\t\t\t\t\t\t\t\t\t\t\t<\/div>\n\t\t\t\t\t\t\t\t<div class=\"elementor-field-type-email elementor-field-group elementor-column elementor-field-group-email elementor-col-50 elementor-field-required elementor-mark-required\">\n\t\t\t\t\t\t\t\t\t\t\t\t<label for=\"form-field-email\" class=\"elementor-field-label\">\n\t\t\t\t\t\t\t\tEmail\t\t\t\t\t\t\t<\/label>\n\t\t\t\t\t\t\t\t\t\t\t\t\t\t<input size=\"1\" type=\"email\" name=\"form_fields[email]\" id=\"form-field-email\" class=\"elementor-field elementor-size-sm  elementor-field-textual\" placeholder=\"Email\" required=\"required\">\n\t\t\t\t\t\t\t\t\t\t\t<\/div>\n\t\t\t\t\t\t\t\t<div class=\"elementor-field-type-select elementor-field-group elementor-column elementor-field-group-field_82611b8 elementor-col-100 elementor-field-required elementor-mark-required\">\n\t\t\t\t\t\t\t\t\t\t\t\t<label for=\"form-field-field_82611b8\" class=\"elementor-field-label\">\n\t\t\t\t\t\t\t\tExer\u00e7a seus direitos\t\t\t\t\t\t\t<\/label>\n\t\t\t\t\t\t\t\t<div class=\"elementor-field elementor-select-wrapper remove-before \">\n\t\t\t<div class=\"select-caret-down-wrapper\">\n\t\t\t\t<i aria-hidden=\"true\" class=\"eicon-caret-down\"><\/i>\t\t\t<\/div>\n\t\t\t<select name=\"form_fields[field_82611b8]\" id=\"form-field-field_82611b8\" class=\"elementor-field-textual elementor-size-sm\" required=\"required\">\n\t\t\t\t\t\t\t\t\t<option value=\"1. Direito ao esquecimento \u2013 Elimina\u00e7\u00e3o de dados (art. 17 \u2013 RGPD)\">1. Direito ao esquecimento \u2013 Elimina\u00e7\u00e3o de dados (art. 17 \u2013 RGPD)<\/option>\n\t\t\t\t\t\t\t\t\t<option value=\"2. Direito \u00e0 portabilidade dos dados \u2013 Solicitar os seus dados (art. 20 \u2013 RGPD)\">2. Direito \u00e0 portabilidade dos dados \u2013 Solicitar os seus dados (art. 20 \u2013 RGPD)<\/option>\n\t\t\t\t\t\t\t\t\t<option value=\"3. Direito de retifica\u00e7\u00e3o \u2013 Retifica\u00e7\u00e3o de dados (art. 16 \u2013 RGPD)\">3. Direito de retifica\u00e7\u00e3o \u2013 Retifica\u00e7\u00e3o de dados (art. 16 \u2013 RGPD)<\/option>\n\t\t\t\t\t\t\t\t\t<option value=\"4. Direito de acesso - Pedido de verifica\u00e7\u00e3o se os dados est\u00e3o a ser tratados (art. 15\u00ba - RGPD)\">4. Direito de acesso - Pedido de verifica\u00e7\u00e3o se os dados est\u00e3o a ser tratados (art. 15\u00ba - RGPD)<\/option>\n\t\t\t\t\t\t\t\t\t<option value=\"5. Obje\u00e7\u00e3o ao Compartilhamento de Dados \u2013 CCPA\">5. Obje\u00e7\u00e3o ao Compartilhamento de Dados \u2013 CCPA<\/option>\n\t\t\t\t\t\t\t\t\t<option value=\"6. Outras quest\u00f5es de privacidade\">6. Outras quest\u00f5es de privacidade<\/option>\n\t\t\t\t\t\t\t<\/select>\n\t\t<\/div>\n\t\t\t\t\t\t<\/div>\n\t\t\t\t\t\t\t\t<div class=\"elementor-field-type-textarea elementor-field-group elementor-column elementor-field-group-field_6bfc24e elementor-col-100\">\n\t\t\t\t\t\t\t\t\t\t\t\t<label for=\"form-field-field_6bfc24e\" class=\"elementor-field-label\">\n\t\t\t\t\t\t\t\tMensagem\t\t\t\t\t\t\t<\/label>\n\t\t\t\t\t\t<textarea class=\"elementor-field-textual elementor-field  elementor-size-sm\" name=\"form_fields[field_6bfc24e]\" id=\"form-field-field_6bfc24e\" rows=\"4\" placeholder=\"Perguntas sobre privacidade.\"><\/textarea>\t\t\t\t<\/div>\n\t\t\t\t\t\t\t\t<div class=\"elementor-field-group elementor-column elementor-field-type-submit elementor-col-100 e-form__buttons\">\n\t\t\t\t\t<button class=\"elementor-button elementor-size-xs\" type=\"submit\">\n\t\t\t\t\t\t<span class=\"elementor-button-content-wrapper\">\n\t\t\t\t\t\t\t\t\t\t\t\t\t\t\t\t\t\t\t\t\t\t<span class=\"elementor-button-text\">Enviar<\/span>\n\t\t\t\t\t\t\t\t\t\t\t\t\t<\/span>\n\t\t\t\t\t<\/button>\n\t\t\t\t<\/div>\n\t\t\t<\/div>\n\t\t<\/form>\n\t\t\t\t\t\t<\/div>\n\t\t\t\t<\/div>\n\t\t\t\t<div class=\"elementor-element elementor-element-8884fc5 elementor-widget elementor-widget-text-editor\" data-id=\"8884fc5\" data-element_type=\"widget\" data-e-type=\"widget\" data-widget_type=\"text-editor.default\">\n\t\t\t\t<div class=\"elementor-widget-container\">\n\t\t\t\t\t\t\t\t\t<p><a href=\"https:\/\/complianz.io\/privacy-in-your-browser\/\" target=\"_blank\" rel=\"noopener\">Leja mais<\/a><\/p>\n\t\t\t\t\t\t\t\t<\/div>\n\t\t\t\t<\/div>\n\t\t\t\t\t<\/div>\n\t\t<\/div>\n\t\t\t\t\t<\/div>\n\t\t<\/section>\n\t\t\t\t<\/div>\n\t\t","protected":false},"excerpt":{"rendered":"<p>P\u00e1gina jur\u00eddica Este \u00e9 o nosso centro jur\u00eddico. D\u00ea uma olhada em nossos documentos legais, gerencie seu consentimento e exer\u00e7a seus direitos de privacidade. Para qualquer d\u00favida espec\u00edfica, observe as possibilidades de comunica\u00e7\u00e3o indicadas no documento espec\u00edfico. Pol\u00edtica de Cookies Leia mais sobre os cookies que utilizamos e gerimos o seu consentimento. Leja mais Gerenciar [&hellip;]<\/p>\n","protected":false},"author":7,"featured_media":0,"parent":0,"menu_order":0,"comment_status":"closed","ping_status":"closed","template":"","meta":{"_monsterinsights_skip_tracking":false,"_monsterinsights_sitenote_active":false,"_monsterinsights_sitenote_note":"","_monsterinsights_sitenote_category":0,"footnotes":""},"class_list":["post-14640","page","type-page","status-publish","hentry"],"yoast_head":"<!-- This site is optimized with the Yoast SEO plugin v27.3 - https:\/\/yoast.com\/product\/yoast-seo-wordpress\/ -->\n<title>P\u00e1gina jur\u00eddica - Cad Connect<\/title>\n<meta name=\"robots\" content=\"index, follow, max-snippet:-1, max-image-preview:large, max-video-preview:-1\" \/>\n<link rel=\"canonical\" href=\"https:\/\/www.cadconnect.com\/pagina-legale\/\" \/>\n<meta property=\"og:locale\" content=\"pt_BR\" \/>\n<meta property=\"og:type\" content=\"article\" \/>\n<meta property=\"og:title\" content=\"P\u00e1gina jur\u00eddica - Cad Connect\" \/>\n<meta property=\"og:description\" content=\"P\u00e1gina jur\u00eddica Este \u00e9 o nosso centro jur\u00eddico. D\u00ea uma olhada em nossos documentos legais, gerencie seu consentimento e exer\u00e7a seus direitos de privacidade. Para qualquer d\u00favida espec\u00edfica, observe as possibilidades de comunica\u00e7\u00e3o indicadas no documento espec\u00edfico. Pol\u00edtica de Cookies Leia mais sobre os cookies que utilizamos e gerimos o seu consentimento. Leja mais Gerenciar [&hellip;]\" \/>\n<meta property=\"og:url\" content=\"https:\/\/www.cadconnect.com\/pagina-legale\/\" \/>\n<meta property=\"og:site_name\" content=\"Cad Connect\" \/>\n<meta property=\"article:publisher\" content=\"https:\/\/www.facebook.com\/cad.connect1970\" \/>\n<meta property=\"article:modified_time\" content=\"2023-11-27T14:25:19+00:00\" \/>\n<meta name=\"twitter:card\" content=\"summary_large_image\" \/>\n<meta name=\"twitter:label1\" content=\"Est. tempo de leitura\" \/>\n\t<meta name=\"twitter:data1\" content=\"1 minuto\" \/>\n<script type=\"application\/ld+json\" class=\"yoast-schema-graph\">{\"@context\":\"https:\\\/\\\/schema.org\",\"@graph\":[{\"@type\":\"WebPage\",\"@id\":\"https:\\\/\\\/www.cadconnect.com\\\/pagina-legale\\\/\",\"url\":\"https:\\\/\\\/www.cadconnect.com\\\/pagina-legale\\\/\",\"name\":\"P\u00e1gina jur\u00eddica - Cad Connect\",\"isPartOf\":{\"@id\":\"https:\\\/\\\/www.cadconnect.com\\\/#website\"},\"datePublished\":\"2023-01-12T19:06:57+00:00\",\"dateModified\":\"2023-11-27T14:25:19+00:00\",\"breadcrumb\":{\"@id\":\"https:\\\/\\\/www.cadconnect.com\\\/pagina-legale\\\/#breadcrumb\"},\"inLanguage\":\"pt-BR\",\"potentialAction\":[{\"@type\":\"ReadAction\",\"target\":[\"https:\\\/\\\/www.cadconnect.com\\\/pagina-legale\\\/\"]}]},{\"@type\":\"BreadcrumbList\",\"@id\":\"https:\\\/\\\/www.cadconnect.com\\\/pagina-legale\\\/#breadcrumb\",\"itemListElement\":[{\"@type\":\"ListItem\",\"position\":1,\"name\":\"Home\",\"item\":\"https:\\\/\\\/www.cadconnect.com\\\/\"},{\"@type\":\"ListItem\",\"position\":2,\"name\":\"P\u00e1gina jur\u00eddica\"}]},{\"@type\":\"WebSite\",\"@id\":\"https:\\\/\\\/www.cadconnect.com\\\/#website\",\"url\":\"https:\\\/\\\/www.cadconnect.com\\\/\",\"name\":\"Cad Connect\",\"description\":\"Software e Servizi per la progettazione\",\"publisher\":{\"@id\":\"https:\\\/\\\/www.cadconnect.com\\\/#organization\"},\"potentialAction\":[{\"@type\":\"SearchAction\",\"target\":{\"@type\":\"EntryPoint\",\"urlTemplate\":\"https:\\\/\\\/www.cadconnect.com\\\/?s={search_term_string}\"},\"query-input\":{\"@type\":\"PropertyValueSpecification\",\"valueRequired\":true,\"valueName\":\"search_term_string\"}}],\"inLanguage\":\"pt-BR\"},{\"@type\":\"Organization\",\"@id\":\"https:\\\/\\\/www.cadconnect.com\\\/#organization\",\"name\":\"Cad Connect\",\"url\":\"https:\\\/\\\/www.cadconnect.com\\\/\",\"logo\":{\"@type\":\"ImageObject\",\"inLanguage\":\"pt-BR\",\"@id\":\"https:\\\/\\\/www.cadconnect.com\\\/#\\\/schema\\\/logo\\\/image\\\/\",\"url\":\"https:\\\/\\\/www.cadconnect.com\\\/wp-content\\\/uploads\\\/2022\\\/07\\\/Logo-Cad-Connect-privacy-7.png\",\"contentUrl\":\"https:\\\/\\\/www.cadconnect.com\\\/wp-content\\\/uploads\\\/2022\\\/07\\\/Logo-Cad-Connect-privacy-7.png\",\"width\":600,\"height\":300,\"caption\":\"Cad Connect\"},\"image\":{\"@id\":\"https:\\\/\\\/www.cadconnect.com\\\/#\\\/schema\\\/logo\\\/image\\\/\"},\"sameAs\":[\"https:\\\/\\\/www.facebook.com\\\/cad.connect1970\"]}]}<\/script>\n<!-- \/ Yoast SEO plugin. -->","yoast_head_json":{"title":"P\u00e1gina jur\u00eddica - Cad Connect","robots":{"index":"index","follow":"follow","max-snippet":"max-snippet:-1","max-image-preview":"max-image-preview:large","max-video-preview":"max-video-preview:-1"},"canonical":"https:\/\/www.cadconnect.com\/pagina-legale\/","og_locale":"pt_BR","og_type":"article","og_title":"P\u00e1gina jur\u00eddica - Cad Connect","og_description":"P\u00e1gina jur\u00eddica Este \u00e9 o nosso centro jur\u00eddico. D\u00ea uma olhada em nossos documentos legais, gerencie seu consentimento e exer\u00e7a seus direitos de privacidade. Para qualquer d\u00favida espec\u00edfica, observe as possibilidades de comunica\u00e7\u00e3o indicadas no documento espec\u00edfico. Pol\u00edtica de Cookies Leia mais sobre os cookies que utilizamos e gerimos o seu consentimento. Leja mais Gerenciar [&hellip;]","og_url":"https:\/\/www.cadconnect.com\/pagina-legale\/","og_site_name":"Cad Connect","article_publisher":"https:\/\/www.facebook.com\/cad.connect1970","article_modified_time":"2023-11-27T14:25:19+00:00","twitter_card":"summary_large_image","twitter_misc":{"Est. tempo de leitura":"1 minuto"},"schema":{"@context":"https:\/\/schema.org","@graph":[{"@type":"WebPage","@id":"https:\/\/www.cadconnect.com\/pagina-legale\/","url":"https:\/\/www.cadconnect.com\/pagina-legale\/","name":"P\u00e1gina jur\u00eddica - Cad Connect","isPartOf":{"@id":"https:\/\/www.cadconnect.com\/#website"},"datePublished":"2023-01-12T19:06:57+00:00","dateModified":"2023-11-27T14:25:19+00:00","breadcrumb":{"@id":"https:\/\/www.cadconnect.com\/pagina-legale\/#breadcrumb"},"inLanguage":"pt-BR","potentialAction":[{"@type":"ReadAction","target":["https:\/\/www.cadconnect.com\/pagina-legale\/"]}]},{"@type":"BreadcrumbList","@id":"https:\/\/www.cadconnect.com\/pagina-legale\/#breadcrumb","itemListElement":[{"@type":"ListItem","position":1,"name":"Home","item":"https:\/\/www.cadconnect.com\/"},{"@type":"ListItem","position":2,"name":"P\u00e1gina jur\u00eddica"}]},{"@type":"WebSite","@id":"https:\/\/www.cadconnect.com\/#website","url":"https:\/\/www.cadconnect.com\/","name":"Cad Connect","description":"Software e Servizi per la progettazione","publisher":{"@id":"https:\/\/www.cadconnect.com\/#organization"},"potentialAction":[{"@type":"SearchAction","target":{"@type":"EntryPoint","urlTemplate":"https:\/\/www.cadconnect.com\/?s={search_term_string}"},"query-input":{"@type":"PropertyValueSpecification","valueRequired":true,"valueName":"search_term_string"}}],"inLanguage":"pt-BR"},{"@type":"Organization","@id":"https:\/\/www.cadconnect.com\/#organization","name":"Cad Connect","url":"https:\/\/www.cadconnect.com\/","logo":{"@type":"ImageObject","inLanguage":"pt-BR","@id":"https:\/\/www.cadconnect.com\/#\/schema\/logo\/image\/","url":"https:\/\/www.cadconnect.com\/wp-content\/uploads\/2022\/07\/Logo-Cad-Connect-privacy-7.png","contentUrl":"https:\/\/www.cadconnect.com\/wp-content\/uploads\/2022\/07\/Logo-Cad-Connect-privacy-7.png","width":600,"height":300,"caption":"Cad Connect"},"image":{"@id":"https:\/\/www.cadconnect.com\/#\/schema\/logo\/image\/"},"sameAs":["https:\/\/www.facebook.com\/cad.connect1970"]}]}},"_links":{"self":[{"href":"https:\/\/www.cadconnect.com\/pt-br\/wp-json\/wp\/v2\/pages\/14640","targetHints":{"allow":["GET"]}}],"collection":[{"href":"https:\/\/www.cadconnect.com\/pt-br\/wp-json\/wp\/v2\/pages"}],"about":[{"href":"https:\/\/www.cadconnect.com\/pt-br\/wp-json\/wp\/v2\/types\/page"}],"author":[{"embeddable":true,"href":"https:\/\/www.cadconnect.com\/pt-br\/wp-json\/wp\/v2\/users\/7"}],"replies":[{"embeddable":true,"href":"https:\/\/www.cadconnect.com\/pt-br\/wp-json\/wp\/v2\/comments?post=14640"}],"version-history":[{"count":3,"href":"https:\/\/www.cadconnect.com\/pt-br\/wp-json\/wp\/v2\/pages\/14640\/revisions"}],"predecessor-version":[{"id":14651,"href":"https:\/\/www.cadconnect.com\/pt-br\/wp-json\/wp\/v2\/pages\/14640\/revisions\/14651"}],"wp:attachment":[{"href":"https:\/\/www.cadconnect.com\/pt-br\/wp-json\/wp\/v2\/media?parent=14640"}],"curies":[{"name":"wp","href":"https:\/\/api.w.org\/{rel}","templated":true}]}}