{"id":22308,"date":"2025-08-29T20:29:39","date_gmt":"2025-08-29T18:29:39","guid":{"rendered":"https:\/\/www.cadconnect.com\/prodotti\/structural-worksuite\/"},"modified":"2025-10-07T21:09:25","modified_gmt":"2025-10-07T19:09:25","slug":"structural-worksuite","status":"publish","type":"page","link":"https:\/\/www.cadconnect.com\/es\/prodotti\/structural-worksuite\/","title":{"rendered":"Structural Worksuite"},"content":{"rendered":"\t\t<div data-elementor-type=\"wp-page\" data-elementor-id=\"22308\" class=\"elementor elementor-22308 elementor-21489\" wpc-filter-elementor-widget=\"1\" data-elementor-post-type=\"page\">\n\t\t\t\t\t\t<section class=\"elementor-section elementor-top-section elementor-element elementor-element-5bf6366 elementor-section-full_width elementor-section-height-default elementor-section-height-default\" data-id=\"5bf6366\" data-element_type=\"section\" data-e-type=\"section\">\n\t\t\t\t\t\t<div class=\"elementor-container elementor-column-gap-no\">\n\t\t\t\t\t<div class=\"elementor-column elementor-col-50 elementor-top-column elementor-element elementor-element-95647c6\" data-id=\"95647c6\" data-element_type=\"column\" data-e-type=\"column\" data-settings=\"{&quot;background_background&quot;:&quot;classic&quot;}\">\n\t\t\t<div class=\"elementor-widget-wrap elementor-element-populated\">\n\t\t\t\t\t<div class=\"elementor-background-overlay\"><\/div>\n\t\t\t\t\t\t<div class=\"elementor-element elementor-element-c4d8279 elementor-widget elementor-widget-spacer\" data-id=\"c4d8279\" data-element_type=\"widget\" data-e-type=\"widget\" data-widget_type=\"spacer.default\">\n\t\t\t\t<div class=\"elementor-widget-container\">\n\t\t\t\t\t\t\t<div class=\"elementor-spacer\">\n\t\t\t<div class=\"elementor-spacer-inner\"><\/div>\n\t\t<\/div>\n\t\t\t\t\t\t<\/div>\n\t\t\t\t<\/div>\n\t\t\t\t\t<\/div>\n\t\t<\/div>\n\t\t\t\t<div class=\"elementor-column elementor-col-50 elementor-top-column elementor-element elementor-element-0f89a92\" data-id=\"0f89a92\" data-element_type=\"column\" data-e-type=\"column\" data-settings=\"{&quot;background_background&quot;:&quot;classic&quot;}\">\n\t\t\t<div class=\"elementor-widget-wrap elementor-element-populated\">\n\t\t\t\t\t<div class=\"elementor-background-overlay\"><\/div>\n\t\t\t\t\t\t<div class=\"elementor-element elementor-element-5f5b704 elementor-position-inline-start elementor-view-default elementor-mobile-position-block-start elementor-widget elementor-widget-icon-box\" data-id=\"5f5b704\" data-element_type=\"widget\" data-e-type=\"widget\" data-widget_type=\"icon-box.default\">\n\t\t\t\t<div class=\"elementor-widget-container\">\n\t\t\t\t\t\t\t<div class=\"elementor-icon-box-wrapper\">\n\n\t\t\t\t\t\t<div class=\"elementor-icon-box-icon\">\n\t\t\t\t<span  class=\"elementor-icon elementor-animation-grow\">\n\t\t\t\t\t\t\t\t<\/span>\n\t\t\t<\/div>\n\t\t\t\n\t\t\t\t\t\t<div class=\"elementor-icon-box-content\">\n\n\t\t\t\t\t\t\t\t\t<h3 class=\"elementor-icon-box-title\">\n\t\t\t\t\t\t<span  >\n\t\t\t\t\t\t\tStructural Worksuite\t\t\t\t\t\t<\/span>\n\t\t\t\t\t<\/h3>\n\t\t\t\t\n\t\t\t\t\n\t\t\t<\/div>\n\t\t\t\n\t\t<\/div>\n\t\t\t\t\t\t<\/div>\n\t\t\t\t<\/div>\n\t\t\t\t<div class=\"elementor-element elementor-element-4ce44c3 elementor-widget elementor-widget-text-editor\" data-id=\"4ce44c3\" data-element_type=\"widget\" data-e-type=\"widget\" data-widget_type=\"text-editor.default\">\n\t\t\t\t<div class=\"elementor-widget-container\">\n\t\t\t\t\t\t\t\t\t<p>Las aplicaciones de modelado de la realidad m\u00e1s populares de Bentley<\/p>\t\t\t\t\t\t\t\t<\/div>\n\t\t\t\t<\/div>\n\t\t\t\t<div class=\"elementor-element elementor-element-882d073 elementor-widget elementor-widget-text-editor\" data-id=\"882d073\" data-element_type=\"widget\" data-e-type=\"widget\" data-widget_type=\"text-editor.default\">\n\t\t\t\t<div class=\"elementor-widget-container\">\n\t\t\t\t\t\t\t\t\t<p>Structural WorkSuite es el paquete de software m\u00e1s completo para el an\u00e1lisis estructural.<br data-start=\"161\" data-end=\"164\">Incluye una amplia gama de aplicaciones STAAD y RAM bajo una \u00fanica licencia pr\u00e1ctica y rentable.<\/p>\t\t\t\t\t\t\t\t<\/div>\n\t\t\t\t<\/div>\n\t\t\t\t<div class=\"elementor-element elementor-element-ff0c147 elementor-widget__width-initial elementor-mobile-align-justify elementor-widget elementor-widget-button\" data-id=\"ff0c147\" data-element_type=\"widget\" data-e-type=\"widget\" data-widget_type=\"button.default\">\n\t\t\t\t<div class=\"elementor-widget-container\">\n\t\t\t\t\t\t\t\t\t<div class=\"elementor-button-wrapper\">\n\t\t\t\t\t<a class=\"elementor-button elementor-button-link elementor-size-xs\" href=\"#elementor-action%3Aaction%3Dpopup%3Aopen%26settings%3DeyJpZCI6ODM4LCJ0b2dnbGUiOmZhbHNlfQ%3D%3D\">\n\t\t\t\t\t\t<span class=\"elementor-button-content-wrapper\">\n\t\t\t\t\t\t\t\t\t<span class=\"elementor-button-text\">Solicita la versi\u00f3n de prueba gratuita<\/span>\n\t\t\t\t\t<\/span>\n\t\t\t\t\t<\/a>\n\t\t\t\t<\/div>\n\t\t\t\t\t\t\t\t<\/div>\n\t\t\t\t<\/div>\n\t\t\t\t<div class=\"elementor-element elementor-element-44aa894 elementor-widget__width-initial elementor-mobile-align-justify elementor-widget elementor-widget-button\" data-id=\"44aa894\" data-element_type=\"widget\" data-e-type=\"widget\" data-widget_type=\"button.default\">\n\t\t\t\t<div class=\"elementor-widget-container\">\n\t\t\t\t\t\t\t\t\t<div class=\"elementor-button-wrapper\">\n\t\t\t\t\t<a class=\"elementor-button elementor-button-link elementor-size-xs\" href=\"https:\/\/www.bentley.com\/wp-content\/uploads\/PDS-Structural-WorkSuite-LTR-EN-LR.pdf\" target=\"_blank\">\n\t\t\t\t\t\t<span class=\"elementor-button-content-wrapper\">\n\t\t\t\t\t\t<span class=\"elementor-button-icon\">\n\t\t\t\t<i aria-hidden=\"true\" class=\"fas fa-download\"><\/i>\t\t\t<\/span>\n\t\t\t\t\t\t\t\t\t<span class=\"elementor-button-text\">Descarga el folleto<\/span>\n\t\t\t\t\t<\/span>\n\t\t\t\t\t<\/a>\n\t\t\t\t<\/div>\n\t\t\t\t\t\t\t\t<\/div>\n\t\t\t\t<\/div>\n\t\t\t\t<div class=\"elementor-element elementor-element-01b7bc9 elementor-widget__width-initial elementor-mobile-align-justify elementor-widget elementor-widget-button\" data-id=\"01b7bc9\" data-element_type=\"widget\" data-e-type=\"widget\" data-widget_type=\"button.default\">\n\t\t\t\t<div class=\"elementor-widget-container\">\n\t\t\t\t\t\t\t\t\t<div class=\"elementor-button-wrapper\">\n\t\t\t\t\t<a class=\"elementor-button elementor-button-link elementor-size-xs\" href=\"https:\/\/en.virtuosity.com\/software\/structural-worksuite?utm_ResellerID=1006171748&#038;Resellername=CAD+CONNECT&#038;utm_Source=Showcase\" target=\"_blank\">\n\t\t\t\t\t\t<span class=\"elementor-button-content-wrapper\">\n\t\t\t\t\t\t<span class=\"elementor-button-icon\">\n\t\t\t\t<i aria-hidden=\"true\" class=\"fas fa-shopping-cart\"><\/i>\t\t\t<\/span>\n\t\t\t\t\t\t\t\t\t<span class=\"elementor-button-text\">Comprar<\/span>\n\t\t\t\t\t<\/span>\n\t\t\t\t\t<\/a>\n\t\t\t\t<\/div>\n\t\t\t\t\t\t\t\t<\/div>\n\t\t\t\t<\/div>\n\t\t\t\t\t<\/div>\n\t\t<\/div>\n\t\t\t\t\t<\/div>\n\t\t<\/section>\n\t\t\t\t<section class=\"elementor-section elementor-top-section elementor-element elementor-element-78158d2 elementor-section-full_width elementor-section-height-default elementor-section-height-default\" data-id=\"78158d2\" data-element_type=\"section\" data-e-type=\"section\">\n\t\t\t\t\t\t<div class=\"elementor-container elementor-column-gap-no\">\n\t\t\t\t\t<div class=\"elementor-column elementor-col-100 elementor-top-column elementor-element elementor-element-2a3a58c\" data-id=\"2a3a58c\" data-element_type=\"column\" data-e-type=\"column\" data-settings=\"{&quot;background_background&quot;:&quot;classic&quot;}\">\n\t\t\t<div class=\"elementor-widget-wrap elementor-element-populated\">\n\t\t\t\t\t\t<div class=\"elementor-element elementor-element-0aa96b6 elementor-widget__width-initial elementor-widget elementor-widget-text-editor\" data-id=\"0aa96b6\" data-element_type=\"widget\" data-e-type=\"widget\" data-widget_type=\"text-editor.default\">\n\t\t\t\t<div class=\"elementor-widget-container\">\n\t\t\t\t\t\t\t\t\t<p><strong>SOFTWARE INCLUIDO EN WORKSUITE<\/strong><\/p>\t\t\t\t\t\t\t\t<\/div>\n\t\t\t\t<\/div>\n\t\t\t\t<section class=\"elementor-section elementor-inner-section elementor-element elementor-element-88c4ee3 elementor-section-full_width elementor-section-height-default elementor-section-height-default\" data-id=\"88c4ee3\" data-element_type=\"section\" data-e-type=\"section\">\n\t\t\t\t\t\t<div class=\"elementor-container elementor-column-gap-default\">\n\t\t\t\t\t<div class=\"elementor-column elementor-col-50 elementor-inner-column elementor-element elementor-element-d0940d9\" data-id=\"d0940d9\" data-element_type=\"column\" data-e-type=\"column\" data-settings=\"{&quot;background_background&quot;:&quot;classic&quot;}\">\n\t\t\t<div class=\"elementor-widget-wrap elementor-element-populated\">\n\t\t\t\t\t<div class=\"elementor-background-overlay\"><\/div>\n\t\t\t\t\t\t<div class=\"elementor-element elementor-element-8f9bd4b elementor-widget elementor-widget-icon-box\" data-id=\"8f9bd4b\" data-element_type=\"widget\" data-e-type=\"widget\" data-widget_type=\"icon-box.default\">\n\t\t\t\t<div class=\"elementor-widget-container\">\n\t\t\t\t\t\t\t<div class=\"elementor-icon-box-wrapper\">\n\n\t\t\t\n\t\t\t\t\t\t<div class=\"elementor-icon-box-content\">\n\n\t\t\t\t\n\t\t\t\t\t\t\t\t\t<p class=\"elementor-icon-box-description\">\n\t\t\t\t\t\tSTAAD.Pro Advanced<br>STAAD Advanced Concrete Design<br>STAAD Foundation Advanced<br>RAM Structural System<br>RAM Concept (including post-tensioning)<br>RAM Connection and RAM Elements<br>iTwin Analytical Synchronizer and Microstran.Advanced<br>\t\t\t\t\t<\/p>\n\t\t\t\t\n\t\t\t<\/div>\n\t\t\t\n\t\t<\/div>\n\t\t\t\t\t\t<\/div>\n\t\t\t\t<\/div>\n\t\t\t\t<div class=\"elementor-element elementor-element-0399c76 elementor-widget elementor-widget-text-editor\" data-id=\"0399c76\" data-element_type=\"widget\" data-e-type=\"widget\" data-widget_type=\"text-editor.default\">\n\t\t\t\t<div class=\"elementor-widget-container\">\n\t\t\t\t\t\t\t\t\t<h3 data-start=\"135\" data-end=\"791\"><span style=\"color: #ffffff;\">Mayor flexibilidad en las licencias<\/span><\/h3><p data-start=\"135\" data-end=\"791\">Structural WorkSuite elimina las preocupaciones relacionadas con la disponibilidad de licencias individuales de las aplicaciones. Cada usuario puede utilizar todas las aplicaciones incluidas en el paquete, incluso en m\u00faltiples instancias simult\u00e1neamente. No se aplican costos adicionales ni licencias extra por el intercambio de datos entre los productos estructurales de Bentley.<br data-start=\"2579\" data-end=\"2582\">Con Structural WorkSuite, los dise\u00f1adores pueden crear flujos de trabajo personalizados seleccionando las aplicaciones m\u00e1s adecuadas para el proyecto, el rol de dise\u00f1o y el nivel de competencia o preferencia del usuario.<br data-start=\"2800\" data-end=\"2803\">Mayor flexibilidad en las licencias.  <\/p><p data-start=\"135\" data-end=\"791\">La aplicaci\u00f3n Structural WorkSuite Hub ofrece una forma sencilla de instalar, actualizar y ejecutar todos los productos incluidos, garantizando que los usuarios trabajen siempre con las versiones m\u00e1s recientes y puedan aprovechar al m\u00e1ximo todas las capacidades del paquete.<\/p>\t\t\t\t\t\t\t\t<\/div>\n\t\t\t\t<\/div>\n\t\t\t\t<div class=\"elementor-element elementor-element-99912b8 elementor-widget elementor-widget-text-editor\" data-id=\"99912b8\" data-element_type=\"widget\" data-e-type=\"widget\" data-widget_type=\"text-editor.default\">\n\t\t\t\t<div class=\"elementor-widget-container\">\n\t\t\t\t\t\t\t\t\t<h3 data-start=\"3076\" data-end=\"3113\"><span style=\"color: #ffffff;\">Dise\u00f1o multidisciplinario<\/span><\/h3><p data-start=\"3114\" data-end=\"3768\">El valor de Structural WorkSuite va m\u00e1s all\u00e1 del equipo de dise\u00f1o estructural. Gracias a iTwin Analytical Synchronizer de Bentley, los dise\u00f1adores pueden transferir datos entre las aplicaciones de Structural WorkSuite, integrarse con software de modelado como OpenBuildings Designer, Revit y Tekla, e incluso conectarse con otras aplicaciones del sector como AutoPIPE (para el an\u00e1lisis de esfuerzos en tuber\u00edas) y SACS (para el dise\u00f1o offshore).<br data-start=\"3589\" data-end=\"3592\">El framework Analytical iTwin tambi\u00e9n permite a los usuarios comparar, combinar y restaurar versiones anteriores de los modelos a lo largo de todo el ciclo de vida del proyecto. <\/p>\t\t\t\t\t\t\t\t<\/div>\n\t\t\t\t<\/div>\n\t\t\t\t\t<\/div>\n\t\t<\/div>\n\t\t\t\t<div class=\"elementor-column elementor-col-50 elementor-inner-column elementor-element elementor-element-edd1f97\" data-id=\"edd1f97\" data-element_type=\"column\" data-e-type=\"column\" data-settings=\"{&quot;background_background&quot;:&quot;classic&quot;}\">\n\t\t\t<div class=\"elementor-widget-wrap elementor-element-populated\">\n\t\t\t\t\t<div class=\"elementor-background-overlay\"><\/div>\n\t\t\t\t\t\t<div class=\"elementor-element elementor-element-b2c066b elementor-widget elementor-widget-text-editor\" data-id=\"b2c066b\" data-element_type=\"widget\" data-e-type=\"widget\" data-widget_type=\"text-editor.default\">\n\t\t\t\t<div class=\"elementor-widget-container\">\n\t\t\t\t\t\t\t\t\t<p data-start=\"135\" data-end=\"791\"><strong data-start=\"135\" data-end=\"159\">Structural WorkSuite <\/strong>\u00e8 una licenza software speciale che consolida numerose applicazioni, normalmente vendute singolarmente, in un unico pacchetto.<br data-start=\"286\" data-end=\"289\">Structural WorkSuite consente alle organizzazioni di semplificare il proprio portafoglio software e, allo stesso tempo, sfruttare le capacit\u00e0 di interoperabilit\u00e0 multiprodotto offerte da Bentley. Combinando i punti di forza dei diversi prodotti inclusi in Structural WorkSuite, anche le organizzazioni con budget ridotti possono usufruire di flussi di lavoro completi di progettazione, evitando di restare vincolate a processi parziali dovuti a limitazioni o inefficienze di una singola applicazione. <\/p><p data-start=\"793\" data-end=\"969\">Structural WorkSuite permite dise\u00f1ar pr\u00e1cticamente en cualquier sector de las infraestructuras.<br>Ejemplos de tipos de proyectos ideales para Structural WorkSuite incluyen: <\/p><ul data-start=\"970\" data-end=\"1151\"><li data-start=\"970\" data-end=\"1006\"><p data-start=\"972\" data-end=\"1006\">Estructuras e instalaciones industriales<\/p><\/li><li data-start=\"1007\" data-end=\"1057\"><p data-start=\"1009\" data-end=\"1057\">Edificios de varios pisos de hormig\u00f3n armado o acero<\/p><\/li><li data-start=\"1058\" data-end=\"1094\"><p data-start=\"1060\" data-end=\"1094\">Edificios prefabricados de metal<\/p><\/li><li data-start=\"1095\" data-end=\"1151\"><p data-start=\"1097\" data-end=\"1151\">Estructuras h\u00eddricas, de tratamiento de aguas y medioambientales<\/p><\/li><\/ul><p data-start=\"1153\" data-end=\"2193\">Ya sea que el proyecto requiera el uso de m\u00faltiples materiales (por ejemplo, una combinaci\u00f3n de acero, hormig\u00f3n y mamposter\u00eda) o que necesite m\u00e9todos de an\u00e1lisis avanzados (como un an\u00e1lisis no lineal con historial temporal o un an\u00e1lisis completo de las deformaciones diferidas del hormig\u00f3n), <strong data-start=\"1436\" data-end=\"1460\">Structural WorkSuite <\/strong>ofrece la soluci\u00f3n.<br data-start=\"1480\" data-end=\"1483\">Adem\u00e1s, incluye acceso a potentes funciones de dise\u00f1o y optimizaci\u00f3n disponibles a trav\u00e9s de los Bentley Analytical Cloud Services.<br data-start=\"1627\" data-end=\"1630\">Los Scenario Services de STAAD permiten a los usuarios comparar el rendimiento de diferentes alternativas de dise\u00f1o desarrolladas en modelos distintos y validar los resultados de un modelo espec\u00edfico utilizando m\u00faltiples versiones de STAAD.Pro.<br data-start=\"1872\" data-end=\"1875\"><strong data-start=\"1875\" data-end=\"1906\">RAM Concept PT Optimization<\/strong> permite a los dise\u00f1adores de estructuras de hormig\u00f3n pretensado ahorrar horas de trabajo de ingenier\u00eda gracias a algoritmos inteligentes de b\u00fasqueda que convergen hacia un dise\u00f1o \u00f3ptimo, cumpliendo con los criterios de dise\u00f1o y reduciendo los costos de materiales y mano de obra.<\/p>\t\t\t\t\t\t\t\t<\/div>\n\t\t\t\t<\/div>\n\t\t\t\t\t<\/div>\n\t\t<\/div>\n\t\t\t\t\t<\/div>\n\t\t<\/section>\n\t\t\t\t<div class=\"elementor-element elementor-element-76463d3 elementor-widget elementor-widget-spacer\" data-id=\"76463d3\" data-element_type=\"widget\" data-e-type=\"widget\" data-widget_type=\"spacer.default\">\n\t\t\t\t<div class=\"elementor-widget-container\">\n\t\t\t\t\t\t\t<div class=\"elementor-spacer\">\n\t\t\t<div class=\"elementor-spacer-inner\"><\/div>\n\t\t<\/div>\n\t\t\t\t\t\t<\/div>\n\t\t\t\t<\/div>\n\t\t\t\t\t<\/div>\n\t\t<\/div>\n\t\t\t\t\t<\/div>\n\t\t<\/section>\n\t\t\t\t<section class=\"elementor-section elementor-top-section elementor-element elementor-element-063089a elementor-section-boxed elementor-section-height-default elementor-section-height-default\" data-id=\"063089a\" data-element_type=\"section\" data-e-type=\"section\">\n\t\t\t\t\t\t<div class=\"elementor-container elementor-column-gap-default\">\n\t\t\t\t\t<div class=\"elementor-column elementor-col-100 elementor-top-column elementor-element elementor-element-47ce039\" data-id=\"47ce039\" data-element_type=\"column\" data-e-type=\"column\">\n\t\t\t<div class=\"elementor-widget-wrap elementor-element-populated\">\n\t\t\t\t\t\t<div class=\"elementor-element elementor-element-18b3138 elementor-widget__width-inherit elementor-mobile-align-justify elementor-align-center elementor-widget elementor-widget-button\" data-id=\"18b3138\" data-element_type=\"widget\" data-e-type=\"widget\" data-widget_type=\"button.default\">\n\t\t\t\t<div class=\"elementor-widget-container\">\n\t\t\t\t\t\t\t\t\t<div class=\"elementor-button-wrapper\">\n\t\t\t\t\t<a class=\"elementor-button elementor-button-link elementor-size-xl\" href=\"https:\/\/en.virtuosity.com\/software\/structural-worksuite?utm_ResellerID=1006171748&#038;Resellername=CAD+CONNECT&#038;utm_Source=Showcase\" target=\"_blank\">\n\t\t\t\t\t\t<span class=\"elementor-button-content-wrapper\">\n\t\t\t\t\t\t<span class=\"elementor-button-icon\">\n\t\t\t\t<i aria-hidden=\"true\" class=\"fas fa-shopping-cart\"><\/i>\t\t\t<\/span>\n\t\t\t\t\t\t\t\t\t<span class=\"elementor-button-text\">Comprar<\/span>\n\t\t\t\t\t<\/span>\n\t\t\t\t\t<\/a>\n\t\t\t\t<\/div>\n\t\t\t\t\t\t\t\t<\/div>\n\t\t\t\t<\/div>\n\t\t\t\t\t<\/div>\n\t\t<\/div>\n\t\t\t\t\t<\/div>\n\t\t<\/section>\n\t\t\t\t<\/div>\n\t\t","protected":false},"excerpt":{"rendered":"<p>La Reality Modeling WorkSuite es un paquete comercial que te ofrece acceso a las aplicaciones de modelado de la realidad m\u00e1s populares de Bentley: iTwin Capture Modeler y Reality Data Management.<\/p>\n","protected":false},"author":4,"featured_media":0,"parent":11438,"menu_order":0,"comment_status":"closed","ping_status":"closed","template":"elementor_header_footer","meta":{"_monsterinsights_skip_tracking":false,"_monsterinsights_sitenote_active":false,"_monsterinsights_sitenote_note":"","_monsterinsights_sitenote_category":0,"footnotes":""},"class_list":["post-22308","page","type-page","status-publish","hentry"],"yoast_head":"<!-- This site is optimized with the Yoast SEO plugin v27.3 - https:\/\/yoast.com\/product\/yoast-seo-wordpress\/ -->\n<title>Structural Worksuite - Cad Connect<\/title>\n<meta name=\"robots\" content=\"index, follow, max-snippet:-1, max-image-preview:large, max-video-preview:-1\" \/>\n<link rel=\"canonical\" href=\"https:\/\/www.cadconnect.com\/es\/prodotti\/structural-worksuite\/\" \/>\n<meta property=\"og:locale\" content=\"es_ES\" \/>\n<meta property=\"og:type\" content=\"article\" \/>\n<meta property=\"og:title\" content=\"Structural Worksuite - Cad Connect\" \/>\n<meta property=\"og:description\" content=\"La Reality Modeling WorkSuite es un paquete comercial que te ofrece acceso a las aplicaciones de modelado de la realidad m\u00e1s populares de Bentley: iTwin Capture Modeler y Reality Data Management.\" \/>\n<meta property=\"og:url\" content=\"https:\/\/www.cadconnect.com\/es\/prodotti\/structural-worksuite\/\" \/>\n<meta property=\"og:site_name\" content=\"Cad Connect\" \/>\n<meta property=\"article:publisher\" content=\"https:\/\/www.facebook.com\/cad.connect1970\" \/>\n<meta property=\"article:modified_time\" content=\"2025-10-07T19:09:25+00:00\" \/>\n<meta name=\"twitter:card\" content=\"summary_large_image\" \/>\n<meta name=\"twitter:label1\" content=\"Tiempo de lectura\" \/>\n\t<meta name=\"twitter:data1\" content=\"3 minutos\" \/>\n<script type=\"application\/ld+json\" class=\"yoast-schema-graph\">{\"@context\":\"https:\\\/\\\/schema.org\",\"@graph\":[{\"@type\":\"WebPage\",\"@id\":\"https:\\\/\\\/www.cadconnect.com\\\/es\\\/prodotti\\\/structural-worksuite\\\/\",\"url\":\"https:\\\/\\\/www.cadconnect.com\\\/es\\\/prodotti\\\/structural-worksuite\\\/\",\"name\":\"Structural Worksuite - Cad Connect\",\"isPartOf\":{\"@id\":\"https:\\\/\\\/www.cadconnect.com\\\/#website\"},\"datePublished\":\"2025-08-29T18:29:39+00:00\",\"dateModified\":\"2025-10-07T19:09:25+00:00\",\"breadcrumb\":{\"@id\":\"https:\\\/\\\/www.cadconnect.com\\\/es\\\/prodotti\\\/structural-worksuite\\\/#breadcrumb\"},\"inLanguage\":\"es\",\"potentialAction\":[{\"@type\":\"ReadAction\",\"target\":[\"https:\\\/\\\/www.cadconnect.com\\\/es\\\/prodotti\\\/structural-worksuite\\\/\"]}]},{\"@type\":\"BreadcrumbList\",\"@id\":\"https:\\\/\\\/www.cadconnect.com\\\/es\\\/prodotti\\\/structural-worksuite\\\/#breadcrumb\",\"itemListElement\":[{\"@type\":\"ListItem\",\"position\":1,\"name\":\"Home\",\"item\":\"https:\\\/\\\/www.cadconnect.com\\\/es\\\/\"},{\"@type\":\"ListItem\",\"position\":2,\"name\":\"Prodotti\",\"item\":\"https:\\\/\\\/www.cadconnect.com\\\/es\\\/prodotti\\\/\"},{\"@type\":\"ListItem\",\"position\":3,\"name\":\"Structural Worksuite\"}]},{\"@type\":\"WebSite\",\"@id\":\"https:\\\/\\\/www.cadconnect.com\\\/#website\",\"url\":\"https:\\\/\\\/www.cadconnect.com\\\/\",\"name\":\"Cad Connect\",\"description\":\"Software e Servizi per la progettazione\",\"publisher\":{\"@id\":\"https:\\\/\\\/www.cadconnect.com\\\/#organization\"},\"potentialAction\":[{\"@type\":\"SearchAction\",\"target\":{\"@type\":\"EntryPoint\",\"urlTemplate\":\"https:\\\/\\\/www.cadconnect.com\\\/?s={search_term_string}\"},\"query-input\":{\"@type\":\"PropertyValueSpecification\",\"valueRequired\":true,\"valueName\":\"search_term_string\"}}],\"inLanguage\":\"es\"},{\"@type\":\"Organization\",\"@id\":\"https:\\\/\\\/www.cadconnect.com\\\/#organization\",\"name\":\"Cad Connect\",\"url\":\"https:\\\/\\\/www.cadconnect.com\\\/\",\"logo\":{\"@type\":\"ImageObject\",\"inLanguage\":\"es\",\"@id\":\"https:\\\/\\\/www.cadconnect.com\\\/#\\\/schema\\\/logo\\\/image\\\/\",\"url\":\"https:\\\/\\\/www.cadconnect.com\\\/wp-content\\\/uploads\\\/2022\\\/07\\\/Logo-Cad-Connect-privacy-7.png\",\"contentUrl\":\"https:\\\/\\\/www.cadconnect.com\\\/wp-content\\\/uploads\\\/2022\\\/07\\\/Logo-Cad-Connect-privacy-7.png\",\"width\":600,\"height\":300,\"caption\":\"Cad Connect\"},\"image\":{\"@id\":\"https:\\\/\\\/www.cadconnect.com\\\/#\\\/schema\\\/logo\\\/image\\\/\"},\"sameAs\":[\"https:\\\/\\\/www.facebook.com\\\/cad.connect1970\"]}]}<\/script>\n<!-- \/ Yoast SEO plugin. -->","yoast_head_json":{"title":"Structural Worksuite - Cad Connect","robots":{"index":"index","follow":"follow","max-snippet":"max-snippet:-1","max-image-preview":"max-image-preview:large","max-video-preview":"max-video-preview:-1"},"canonical":"https:\/\/www.cadconnect.com\/es\/prodotti\/structural-worksuite\/","og_locale":"es_ES","og_type":"article","og_title":"Structural Worksuite - Cad Connect","og_description":"La Reality Modeling WorkSuite es un paquete comercial que te ofrece acceso a las aplicaciones de modelado de la realidad m\u00e1s populares de Bentley: iTwin Capture Modeler y Reality Data Management.","og_url":"https:\/\/www.cadconnect.com\/es\/prodotti\/structural-worksuite\/","og_site_name":"Cad Connect","article_publisher":"https:\/\/www.facebook.com\/cad.connect1970","article_modified_time":"2025-10-07T19:09:25+00:00","twitter_card":"summary_large_image","twitter_misc":{"Tiempo de lectura":"3 minutos"},"schema":{"@context":"https:\/\/schema.org","@graph":[{"@type":"WebPage","@id":"https:\/\/www.cadconnect.com\/es\/prodotti\/structural-worksuite\/","url":"https:\/\/www.cadconnect.com\/es\/prodotti\/structural-worksuite\/","name":"Structural Worksuite - Cad Connect","isPartOf":{"@id":"https:\/\/www.cadconnect.com\/#website"},"datePublished":"2025-08-29T18:29:39+00:00","dateModified":"2025-10-07T19:09:25+00:00","breadcrumb":{"@id":"https:\/\/www.cadconnect.com\/es\/prodotti\/structural-worksuite\/#breadcrumb"},"inLanguage":"es","potentialAction":[{"@type":"ReadAction","target":["https:\/\/www.cadconnect.com\/es\/prodotti\/structural-worksuite\/"]}]},{"@type":"BreadcrumbList","@id":"https:\/\/www.cadconnect.com\/es\/prodotti\/structural-worksuite\/#breadcrumb","itemListElement":[{"@type":"ListItem","position":1,"name":"Home","item":"https:\/\/www.cadconnect.com\/es\/"},{"@type":"ListItem","position":2,"name":"Prodotti","item":"https:\/\/www.cadconnect.com\/es\/prodotti\/"},{"@type":"ListItem","position":3,"name":"Structural Worksuite"}]},{"@type":"WebSite","@id":"https:\/\/www.cadconnect.com\/#website","url":"https:\/\/www.cadconnect.com\/","name":"Cad Connect","description":"Software e Servizi per la progettazione","publisher":{"@id":"https:\/\/www.cadconnect.com\/#organization"},"potentialAction":[{"@type":"SearchAction","target":{"@type":"EntryPoint","urlTemplate":"https:\/\/www.cadconnect.com\/?s={search_term_string}"},"query-input":{"@type":"PropertyValueSpecification","valueRequired":true,"valueName":"search_term_string"}}],"inLanguage":"es"},{"@type":"Organization","@id":"https:\/\/www.cadconnect.com\/#organization","name":"Cad Connect","url":"https:\/\/www.cadconnect.com\/","logo":{"@type":"ImageObject","inLanguage":"es","@id":"https:\/\/www.cadconnect.com\/#\/schema\/logo\/image\/","url":"https:\/\/www.cadconnect.com\/wp-content\/uploads\/2022\/07\/Logo-Cad-Connect-privacy-7.png","contentUrl":"https:\/\/www.cadconnect.com\/wp-content\/uploads\/2022\/07\/Logo-Cad-Connect-privacy-7.png","width":600,"height":300,"caption":"Cad Connect"},"image":{"@id":"https:\/\/www.cadconnect.com\/#\/schema\/logo\/image\/"},"sameAs":["https:\/\/www.facebook.com\/cad.connect1970"]}]}},"_links":{"self":[{"href":"https:\/\/www.cadconnect.com\/es\/wp-json\/wp\/v2\/pages\/22308","targetHints":{"allow":["GET"]}}],"collection":[{"href":"https:\/\/www.cadconnect.com\/es\/wp-json\/wp\/v2\/pages"}],"about":[{"href":"https:\/\/www.cadconnect.com\/es\/wp-json\/wp\/v2\/types\/page"}],"author":[{"embeddable":true,"href":"https:\/\/www.cadconnect.com\/es\/wp-json\/wp\/v2\/users\/4"}],"replies":[{"embeddable":true,"href":"https:\/\/www.cadconnect.com\/es\/wp-json\/wp\/v2\/comments?post=22308"}],"version-history":[{"count":1,"href":"https:\/\/www.cadconnect.com\/es\/wp-json\/wp\/v2\/pages\/22308\/revisions"}],"predecessor-version":[{"id":22309,"href":"https:\/\/www.cadconnect.com\/es\/wp-json\/wp\/v2\/pages\/22308\/revisions\/22309"}],"up":[{"embeddable":true,"href":"https:\/\/www.cadconnect.com\/es\/wp-json\/wp\/v2\/pages\/11438"}],"wp:attachment":[{"href":"https:\/\/www.cadconnect.com\/es\/wp-json\/wp\/v2\/media?parent=22308"}],"curies":[{"name":"wp","href":"https:\/\/api.w.org\/{rel}","templated":true}]}}