{"id":15494,"date":"2021-01-18T15:55:26","date_gmt":"2021-01-18T14:55:26","guid":{"rendered":"https:\/\/www.cadconnect.com\/formacion\/mb2d-curso-microstation-basico-2d\/"},"modified":"2026-03-17T14:46:56","modified_gmt":"2026-03-17T13:46:56","slug":"mb2d-curso-microstation-basico-2d","status":"publish","type":"page","link":"https:\/\/www.cadconnect.com\/es\/formacion\/mb2d-curso-microstation-basico-2d\/","title":{"rendered":"MB2D &#8211; Curso MicroStation B\u00e1sico 2D"},"content":{"rendered":"\t\t<div data-elementor-type=\"wp-page\" data-elementor-id=\"15494\" class=\"elementor elementor-15494 elementor-3471\" wpc-filter-elementor-widget=\"1\" data-elementor-post-type=\"page\">\n\t\t\t\t\t\t<section class=\"elementor-section elementor-top-section elementor-element elementor-element-98da6dc elementor-section-stretched elementor-section-full_width elementor-section-height-default elementor-section-height-default\" data-id=\"98da6dc\" data-element_type=\"section\" data-e-type=\"section\" data-settings=\"{&quot;stretch_section&quot;:&quot;section-stretched&quot;,&quot;background_background&quot;:&quot;classic&quot;}\">\n\t\t\t\t\t\t<div class=\"elementor-container elementor-column-gap-no\">\n\t\t\t\t\t<div class=\"elementor-column elementor-col-50 elementor-top-column elementor-element elementor-element-b8c9ea6\" data-id=\"b8c9ea6\" data-element_type=\"column\" data-e-type=\"column\" data-settings=\"{&quot;background_background&quot;:&quot;classic&quot;}\">\n\t\t\t<div class=\"elementor-widget-wrap elementor-element-populated\">\n\t\t\t\t\t\t<div class=\"elementor-element elementor-element-c68e5dc elementor-widget elementor-widget-image\" data-id=\"c68e5dc\" data-element_type=\"widget\" data-e-type=\"widget\" data-widget_type=\"image.default\">\n\t\t\t\t<div class=\"elementor-widget-container\">\n\t\t\t\t\t\t\t\t\t\t\t\t\t\t\t<img decoding=\"async\" src=\"https:\/\/www.cadconnect.com\/wp-content\/uploads\/2025\/05\/microstation-software-logo-white-100X100-1.svg\" title=\"\" alt=\"\" loading=\"lazy\" \/>\t\t\t\t\t\t\t\t\t\t\t\t\t\t\t<\/div>\n\t\t\t\t<\/div>\n\t\t\t\t\t<\/div>\n\t\t<\/div>\n\t\t\t\t<div class=\"elementor-column elementor-col-50 elementor-top-column elementor-element elementor-element-97ec15d\" data-id=\"97ec15d\" data-element_type=\"column\" data-e-type=\"column\" data-settings=\"{&quot;background_background&quot;:&quot;classic&quot;}\">\n\t\t\t<div class=\"elementor-widget-wrap elementor-element-populated\">\n\t\t\t\t\t\t<div class=\"elementor-element elementor-element-55c86ee elementor-widget elementor-widget-heading\" data-id=\"55c86ee\" data-element_type=\"widget\" data-e-type=\"widget\" data-widget_type=\"heading.default\">\n\t\t\t\t<div class=\"elementor-widget-container\">\n\t\t\t\t\t<h2 class=\"elementor-heading-title elementor-size-default\">MB2D - Curso MicroStation B\u00e1sico 2D<\/h2>\t\t\t\t<\/div>\n\t\t\t\t<\/div>\n\t\t\t\t<div class=\"elementor-element elementor-element-dc5354f elementor-widget elementor-widget-text-editor\" data-id=\"dc5354f\" data-element_type=\"widget\" data-e-type=\"widget\" data-widget_type=\"text-editor.default\">\n\t\t\t\t<div class=\"elementor-widget-container\">\n\t\t\t\t\t\t\t\t\t<p>T\u00e9cnicas de modelado y dibujo 2D &#8211; 4 m\u00f3dulos de 3 horas<\/p>\t\t\t\t\t\t\t\t<\/div>\n\t\t\t\t<\/div>\n\t\t\t\t\t<\/div>\n\t\t<\/div>\n\t\t\t\t\t<\/div>\n\t\t<\/section>\n\t\t\t\t<section class=\"elementor-section elementor-top-section elementor-element elementor-element-36dbca8 elementor-section-stretched elementor-section-full_width elementor-section-height-default elementor-section-height-default\" data-id=\"36dbca8\" data-element_type=\"section\" data-e-type=\"section\" data-settings=\"{&quot;stretch_section&quot;:&quot;section-stretched&quot;}\">\n\t\t\t\t\t\t<div class=\"elementor-container elementor-column-gap-no\">\n\t\t\t\t\t<div class=\"elementor-column elementor-col-50 elementor-top-column elementor-element elementor-element-66885d5\" data-id=\"66885d5\" data-element_type=\"column\" data-e-type=\"column\">\n\t\t\t<div class=\"elementor-widget-wrap elementor-element-populated\">\n\t\t\t\t\t\t<div class=\"elementor-element elementor-element-6545bb2 elementor-widget elementor-widget-text-editor\" data-id=\"6545bb2\" data-element_type=\"widget\" data-e-type=\"widget\" data-widget_type=\"text-editor.default\">\n\t\t\t\t<div class=\"elementor-widget-container\">\n\t\t\t\t\t\t\t\t\t<h3>Presentaci\u00f3n<\/h3><p>El curso est\u00e1 dirigido a todos aquellos que deseen dotarse de una metodolog\u00eda en dise\u00f1o 2D con MicroStation o MicroStation PowerDraft.La formaci\u00f3n se centrar\u00e1 en temas generales y materias de dise\u00f1o computarizado. <br \/>El curso se acompa\u00f1a de documentaci\u00f3n de respaldo y conjuntos de ejercicios.<\/p><hr \/><h3>programa del curso<\/h3><ul><li>Uso de herramientas generales.<\/li><li>Los atributos de los elementos.<\/li><li>Ver control<\/li><li>Usando AccuDraw y AccuSnap<\/li><li>Creando geometr\u00edas<\/li><li>Selecci\u00f3n de geometr\u00edas<\/li><li>Manipulaci\u00f3n de geometr\u00eda<\/li><li>Edici\u00f3n de geometr\u00edas<\/li><li>trabajando con c\u00e9lulas<\/li><li>Anotaci\u00f3n del proyecto<\/li><li>Informaci\u00f3n relacionada con las geometr\u00edas.<ul><li>Bibliotecas de elementos<\/li><li>Conexiones directas de forma local o remota<\/li><\/ul><\/li><li>T\u00e9cnica de referencia<\/li><li>Georreferenciaci\u00f3n<\/li><li>Usando tablas<\/li><li>Exportar informes a Excel<\/li><li>Composici\u00f3n de dibujos y l\u00e1minas.<\/li><li>Impresi\u00f3n y publicaci\u00f3n<\/li><\/ul>\t\t\t\t\t\t\t\t<\/div>\n\t\t\t\t<\/div>\n\t\t\t\t<div class=\"elementor-element elementor-element-8ba63db elementor-widget elementor-widget-spacer\" data-id=\"8ba63db\" data-element_type=\"widget\" data-e-type=\"widget\" data-widget_type=\"spacer.default\">\n\t\t\t\t<div class=\"elementor-widget-container\">\n\t\t\t\t\t\t\t<div class=\"elementor-spacer\">\n\t\t\t<div class=\"elementor-spacer-inner\"><\/div>\n\t\t<\/div>\n\t\t\t\t\t\t<\/div>\n\t\t\t\t<\/div>\n\t\t\t\t\t<\/div>\n\t\t<\/div>\n\t\t\t\t<div class=\"elementor-column elementor-col-50 elementor-top-column elementor-element elementor-element-0f2bdfa\" data-id=\"0f2bdfa\" data-element_type=\"column\" data-e-type=\"column\">\n\t\t\t<div class=\"elementor-widget-wrap elementor-element-populated\">\n\t\t\t\t\t\t<div class=\"elementor-element elementor-element-405a043 elementor-widget elementor-widget-text-editor\" data-id=\"405a043\" data-element_type=\"widget\" data-e-type=\"widget\" data-widget_type=\"text-editor.default\">\n\t\t\t\t<div class=\"elementor-widget-container\">\n\t\t\t\t\t\t\t\t\t<h3>Requisitos<\/h3><ul><li>Nociones b\u00e1sicas de dibujo t\u00e9cnico y\/o conocimientos previos de otros CAD bidimensionales<\/li><\/ul><h3>Duraci\u00f3n del curso<\/h3><ul><li>12 horas (4 m\u00f3dulos de 3 horas)<\/li><\/ul>\t\t\t\t\t\t\t\t<\/div>\n\t\t\t\t<\/div>\n\t\t\t\t<div class=\"elementor-element elementor-element-9859989 elementor-align-left elementor-widget elementor-widget-button\" data-id=\"9859989\" data-element_type=\"widget\" data-e-type=\"widget\" data-widget_type=\"button.default\">\n\t\t\t\t<div class=\"elementor-widget-container\">\n\t\t\t\t\t\t\t\t\t<div class=\"elementor-button-wrapper\">\n\t\t\t\t\t<a class=\"elementor-button elementor-button-link elementor-size-sm\" href=\"#elementor-action%3Aaction%3Dpopup%3Aopen%26settings%3DeyJpZCI6NDQ1NSwidG9nZ2xlIjpmYWxzZX0%3D\">\n\t\t\t\t\t\t<span class=\"elementor-button-content-wrapper\">\n\t\t\t\t\t\t\t\t\t<span class=\"elementor-button-text\">RESERVAR CURSO<\/span>\n\t\t\t\t\t<\/span>\n\t\t\t\t\t<\/a>\n\t\t\t\t<\/div>\n\t\t\t\t\t\t\t\t<\/div>\n\t\t\t\t<\/div>\n\t\t\t\t<div class=\"elementor-element elementor-element-545daef elementor-align-left elementor-widget elementor-widget-button\" data-id=\"545daef\" data-element_type=\"widget\" data-e-type=\"widget\" data-widget_type=\"button.default\">\n\t\t\t\t<div class=\"elementor-widget-container\">\n\t\t\t\t\t\t\t\t\t<div class=\"elementor-button-wrapper\">\n\t\t\t\t\t<a class=\"elementor-button elementor-button-link elementor-size-sm\" href=\"#elementor-action%3Aaction%3Dpopup%3Aopen%26settings%3DeyJpZCI6MTE1NywidG9nZ2xlIjpmYWxzZX0%3D\">\n\t\t\t\t\t\t<span class=\"elementor-button-content-wrapper\">\n\t\t\t\t\t\t\t\t\t<span class=\"elementor-button-text\">INFORMACI\u00d3N REQUERIDA<\/span>\n\t\t\t\t\t<\/span>\n\t\t\t\t\t<\/a>\n\t\t\t\t<\/div>\n\t\t\t\t\t\t\t\t<\/div>\n\t\t\t\t<\/div>\n\t\t\t\t<div class=\"elementor-element elementor-element-c000d10 elementor-align-left elementor-widget elementor-widget-button\" data-id=\"c000d10\" data-element_type=\"widget\" data-e-type=\"widget\" data-widget_type=\"button.default\">\n\t\t\t\t<div class=\"elementor-widget-container\">\n\t\t\t\t\t\t\t\t\t<div class=\"elementor-button-wrapper\">\n\t\t\t\t\t<a class=\"elementor-button elementor-button-link elementor-size-sm\" href=\"https:\/\/www.cadconnect.com\/es\/prodotti\/microstation-es\/\">\n\t\t\t\t\t\t<span class=\"elementor-button-content-wrapper\">\n\t\t\t\t\t\t\t\t\t<span class=\"elementor-button-text\">IR A LAS ESPECIFICACIONES DEL PRODUCTO<\/span>\n\t\t\t\t\t<\/span>\n\t\t\t\t\t<\/a>\n\t\t\t\t<\/div>\n\t\t\t\t\t\t\t\t<\/div>\n\t\t\t\t<\/div>\n\t\t\t\t\t<\/div>\n\t\t<\/div>\n\t\t\t\t\t<\/div>\n\t\t<\/section>\n\t\t\t\t<\/div>\n\t\t","protected":false},"excerpt":{"rendered":"<p>MB2D &#8211; Curso MicroStation B\u00e1sico 2D T\u00e9cnicas de modelado y dibujo 2D &#8211; 4 m\u00f3dulos de 3 horas Presentaci\u00f3n El curso est\u00e1 dirigido a todos aquellos que deseen dotarse de una metodolog\u00eda en dise\u00f1o 2D con MicroStation o MicroStation PowerDraft.La formaci\u00f3n se centrar\u00e1 en temas generales y materias de dise\u00f1o computarizado. El curso se acompa\u00f1a [&hellip;]<\/p>\n","protected":false},"author":4,"featured_media":19872,"parent":11279,"menu_order":0,"comment_status":"closed","ping_status":"closed","template":"elementor_header_footer","meta":{"_monsterinsights_skip_tracking":false,"_monsterinsights_sitenote_active":false,"_monsterinsights_sitenote_note":"","_monsterinsights_sitenote_category":0,"footnotes":""},"class_list":["post-15494","page","type-page","status-publish","has-post-thumbnail","hentry"],"yoast_head":"<!-- This site is optimized with the Yoast SEO plugin v27.3 - https:\/\/yoast.com\/product\/yoast-seo-wordpress\/ -->\n<title>MB2D - Curso MicroStation B\u00e1sico 2D - Cad Connect<\/title>\n<meta name=\"robots\" content=\"index, follow, max-snippet:-1, max-image-preview:large, max-video-preview:-1\" \/>\n<link rel=\"canonical\" href=\"https:\/\/www.cadconnect.com\/es\/formacion\/mb2d-curso-microstation-basico-2d\/\" \/>\n<meta property=\"og:locale\" content=\"es_ES\" \/>\n<meta property=\"og:type\" content=\"article\" \/>\n<meta property=\"og:title\" content=\"MB2D - Curso MicroStation B\u00e1sico 2D - Cad Connect\" \/>\n<meta property=\"og:description\" content=\"MB2D &#8211; Curso MicroStation B\u00e1sico 2D T\u00e9cnicas de modelado y dibujo 2D &#8211; 4 m\u00f3dulos de 3 horas Presentaci\u00f3n El curso est\u00e1 dirigido a todos aquellos que deseen dotarse de una metodolog\u00eda en dise\u00f1o 2D con MicroStation o MicroStation PowerDraft.La formaci\u00f3n se centrar\u00e1 en temas generales y materias de dise\u00f1o computarizado. El curso se acompa\u00f1a [&hellip;]\" \/>\n<meta property=\"og:url\" content=\"https:\/\/www.cadconnect.com\/es\/formacion\/mb2d-curso-microstation-basico-2d\/\" \/>\n<meta property=\"og:site_name\" content=\"Cad Connect\" \/>\n<meta property=\"article:publisher\" content=\"https:\/\/www.facebook.com\/cad.connect1970\" \/>\n<meta property=\"article:modified_time\" content=\"2026-03-17T13:46:56+00:00\" \/>\n<meta property=\"og:image\" content=\"https:\/\/www.cadconnect.com\/wp-content\/uploads\/2025\/01\/AdobeStock_790551429-copia.jpg\" \/>\n\t<meta property=\"og:image:width\" content=\"1184\" \/>\n\t<meta property=\"og:image:height\" content=\"1572\" \/>\n\t<meta property=\"og:image:type\" content=\"image\/jpeg\" \/>\n<meta name=\"twitter:card\" content=\"summary_large_image\" \/>\n<meta name=\"twitter:label1\" content=\"Tiempo de lectura\" \/>\n\t<meta name=\"twitter:data1\" content=\"1 minuto\" \/>\n<script type=\"application\/ld+json\" class=\"yoast-schema-graph\">{\"@context\":\"https:\\\/\\\/schema.org\",\"@graph\":[{\"@type\":\"WebPage\",\"@id\":\"https:\\\/\\\/www.cadconnect.com\\\/es\\\/formacion\\\/mb2d-curso-microstation-basico-2d\\\/\",\"url\":\"https:\\\/\\\/www.cadconnect.com\\\/es\\\/formacion\\\/mb2d-curso-microstation-basico-2d\\\/\",\"name\":\"MB2D - Curso MicroStation B\u00e1sico 2D - Cad Connect\",\"isPartOf\":{\"@id\":\"https:\\\/\\\/www.cadconnect.com\\\/#website\"},\"primaryImageOfPage\":{\"@id\":\"https:\\\/\\\/www.cadconnect.com\\\/es\\\/formacion\\\/mb2d-curso-microstation-basico-2d\\\/#primaryimage\"},\"image\":{\"@id\":\"https:\\\/\\\/www.cadconnect.com\\\/es\\\/formacion\\\/mb2d-curso-microstation-basico-2d\\\/#primaryimage\"},\"thumbnailUrl\":\"https:\\\/\\\/www.cadconnect.com\\\/wp-content\\\/uploads\\\/2025\\\/05\\\/Cover-corso-Microstation.png\",\"datePublished\":\"2021-01-18T14:55:26+00:00\",\"dateModified\":\"2026-03-17T13:46:56+00:00\",\"breadcrumb\":{\"@id\":\"https:\\\/\\\/www.cadconnect.com\\\/es\\\/formacion\\\/mb2d-curso-microstation-basico-2d\\\/#breadcrumb\"},\"inLanguage\":\"es\",\"potentialAction\":[{\"@type\":\"ReadAction\",\"target\":[\"https:\\\/\\\/www.cadconnect.com\\\/es\\\/formacion\\\/mb2d-curso-microstation-basico-2d\\\/\"]}]},{\"@type\":\"ImageObject\",\"inLanguage\":\"es\",\"@id\":\"https:\\\/\\\/www.cadconnect.com\\\/es\\\/formacion\\\/mb2d-curso-microstation-basico-2d\\\/#primaryimage\",\"url\":\"https:\\\/\\\/www.cadconnect.com\\\/wp-content\\\/uploads\\\/2025\\\/05\\\/Cover-corso-Microstation.png\",\"contentUrl\":\"https:\\\/\\\/www.cadconnect.com\\\/wp-content\\\/uploads\\\/2025\\\/05\\\/Cover-corso-Microstation.png\",\"width\":247,\"height\":245},{\"@type\":\"BreadcrumbList\",\"@id\":\"https:\\\/\\\/www.cadconnect.com\\\/es\\\/formacion\\\/mb2d-curso-microstation-basico-2d\\\/#breadcrumb\",\"itemListElement\":[{\"@type\":\"ListItem\",\"position\":1,\"name\":\"Home\",\"item\":\"https:\\\/\\\/www.cadconnect.com\\\/es\\\/\"},{\"@type\":\"ListItem\",\"position\":2,\"name\":\"Cursos de capacitaci\u00f3n en software de Bentley Systems\",\"item\":\"https:\\\/\\\/www.cadconnect.com\\\/es\\\/formacion\\\/\"},{\"@type\":\"ListItem\",\"position\":3,\"name\":\"MB2D &#8211; Curso MicroStation B\u00e1sico 2D\"}]},{\"@type\":\"WebSite\",\"@id\":\"https:\\\/\\\/www.cadconnect.com\\\/#website\",\"url\":\"https:\\\/\\\/www.cadconnect.com\\\/\",\"name\":\"Cad Connect\",\"description\":\"Software e Servizi per la progettazione\",\"publisher\":{\"@id\":\"https:\\\/\\\/www.cadconnect.com\\\/#organization\"},\"potentialAction\":[{\"@type\":\"SearchAction\",\"target\":{\"@type\":\"EntryPoint\",\"urlTemplate\":\"https:\\\/\\\/www.cadconnect.com\\\/?s={search_term_string}\"},\"query-input\":{\"@type\":\"PropertyValueSpecification\",\"valueRequired\":true,\"valueName\":\"search_term_string\"}}],\"inLanguage\":\"es\"},{\"@type\":\"Organization\",\"@id\":\"https:\\\/\\\/www.cadconnect.com\\\/#organization\",\"name\":\"Cad Connect\",\"url\":\"https:\\\/\\\/www.cadconnect.com\\\/\",\"logo\":{\"@type\":\"ImageObject\",\"inLanguage\":\"es\",\"@id\":\"https:\\\/\\\/www.cadconnect.com\\\/#\\\/schema\\\/logo\\\/image\\\/\",\"url\":\"https:\\\/\\\/www.cadconnect.com\\\/wp-content\\\/uploads\\\/2022\\\/07\\\/Logo-Cad-Connect-privacy-7.png\",\"contentUrl\":\"https:\\\/\\\/www.cadconnect.com\\\/wp-content\\\/uploads\\\/2022\\\/07\\\/Logo-Cad-Connect-privacy-7.png\",\"width\":600,\"height\":300,\"caption\":\"Cad Connect\"},\"image\":{\"@id\":\"https:\\\/\\\/www.cadconnect.com\\\/#\\\/schema\\\/logo\\\/image\\\/\"},\"sameAs\":[\"https:\\\/\\\/www.facebook.com\\\/cad.connect1970\"]}]}<\/script>\n<!-- \/ Yoast SEO plugin. -->","yoast_head_json":{"title":"MB2D - Curso MicroStation B\u00e1sico 2D - Cad Connect","robots":{"index":"index","follow":"follow","max-snippet":"max-snippet:-1","max-image-preview":"max-image-preview:large","max-video-preview":"max-video-preview:-1"},"canonical":"https:\/\/www.cadconnect.com\/es\/formacion\/mb2d-curso-microstation-basico-2d\/","og_locale":"es_ES","og_type":"article","og_title":"MB2D - Curso MicroStation B\u00e1sico 2D - Cad Connect","og_description":"MB2D &#8211; Curso MicroStation B\u00e1sico 2D T\u00e9cnicas de modelado y dibujo 2D &#8211; 4 m\u00f3dulos de 3 horas Presentaci\u00f3n El curso est\u00e1 dirigido a todos aquellos que deseen dotarse de una metodolog\u00eda en dise\u00f1o 2D con MicroStation o MicroStation PowerDraft.La formaci\u00f3n se centrar\u00e1 en temas generales y materias de dise\u00f1o computarizado. El curso se acompa\u00f1a [&hellip;]","og_url":"https:\/\/www.cadconnect.com\/es\/formacion\/mb2d-curso-microstation-basico-2d\/","og_site_name":"Cad Connect","article_publisher":"https:\/\/www.facebook.com\/cad.connect1970","article_modified_time":"2026-03-17T13:46:56+00:00","og_image":[{"width":1184,"height":1572,"url":"https:\/\/www.cadconnect.com\/wp-content\/uploads\/2025\/01\/AdobeStock_790551429-copia.jpg","type":"image\/jpeg"}],"twitter_card":"summary_large_image","twitter_misc":{"Tiempo de lectura":"1 minuto"},"schema":{"@context":"https:\/\/schema.org","@graph":[{"@type":"WebPage","@id":"https:\/\/www.cadconnect.com\/es\/formacion\/mb2d-curso-microstation-basico-2d\/","url":"https:\/\/www.cadconnect.com\/es\/formacion\/mb2d-curso-microstation-basico-2d\/","name":"MB2D - Curso MicroStation B\u00e1sico 2D - Cad Connect","isPartOf":{"@id":"https:\/\/www.cadconnect.com\/#website"},"primaryImageOfPage":{"@id":"https:\/\/www.cadconnect.com\/es\/formacion\/mb2d-curso-microstation-basico-2d\/#primaryimage"},"image":{"@id":"https:\/\/www.cadconnect.com\/es\/formacion\/mb2d-curso-microstation-basico-2d\/#primaryimage"},"thumbnailUrl":"https:\/\/www.cadconnect.com\/wp-content\/uploads\/2025\/05\/Cover-corso-Microstation.png","datePublished":"2021-01-18T14:55:26+00:00","dateModified":"2026-03-17T13:46:56+00:00","breadcrumb":{"@id":"https:\/\/www.cadconnect.com\/es\/formacion\/mb2d-curso-microstation-basico-2d\/#breadcrumb"},"inLanguage":"es","potentialAction":[{"@type":"ReadAction","target":["https:\/\/www.cadconnect.com\/es\/formacion\/mb2d-curso-microstation-basico-2d\/"]}]},{"@type":"ImageObject","inLanguage":"es","@id":"https:\/\/www.cadconnect.com\/es\/formacion\/mb2d-curso-microstation-basico-2d\/#primaryimage","url":"https:\/\/www.cadconnect.com\/wp-content\/uploads\/2025\/05\/Cover-corso-Microstation.png","contentUrl":"https:\/\/www.cadconnect.com\/wp-content\/uploads\/2025\/05\/Cover-corso-Microstation.png","width":247,"height":245},{"@type":"BreadcrumbList","@id":"https:\/\/www.cadconnect.com\/es\/formacion\/mb2d-curso-microstation-basico-2d\/#breadcrumb","itemListElement":[{"@type":"ListItem","position":1,"name":"Home","item":"https:\/\/www.cadconnect.com\/es\/"},{"@type":"ListItem","position":2,"name":"Cursos de capacitaci\u00f3n en software de Bentley Systems","item":"https:\/\/www.cadconnect.com\/es\/formacion\/"},{"@type":"ListItem","position":3,"name":"MB2D &#8211; Curso MicroStation B\u00e1sico 2D"}]},{"@type":"WebSite","@id":"https:\/\/www.cadconnect.com\/#website","url":"https:\/\/www.cadconnect.com\/","name":"Cad Connect","description":"Software e Servizi per la progettazione","publisher":{"@id":"https:\/\/www.cadconnect.com\/#organization"},"potentialAction":[{"@type":"SearchAction","target":{"@type":"EntryPoint","urlTemplate":"https:\/\/www.cadconnect.com\/?s={search_term_string}"},"query-input":{"@type":"PropertyValueSpecification","valueRequired":true,"valueName":"search_term_string"}}],"inLanguage":"es"},{"@type":"Organization","@id":"https:\/\/www.cadconnect.com\/#organization","name":"Cad Connect","url":"https:\/\/www.cadconnect.com\/","logo":{"@type":"ImageObject","inLanguage":"es","@id":"https:\/\/www.cadconnect.com\/#\/schema\/logo\/image\/","url":"https:\/\/www.cadconnect.com\/wp-content\/uploads\/2022\/07\/Logo-Cad-Connect-privacy-7.png","contentUrl":"https:\/\/www.cadconnect.com\/wp-content\/uploads\/2022\/07\/Logo-Cad-Connect-privacy-7.png","width":600,"height":300,"caption":"Cad Connect"},"image":{"@id":"https:\/\/www.cadconnect.com\/#\/schema\/logo\/image\/"},"sameAs":["https:\/\/www.facebook.com\/cad.connect1970"]}]}},"_links":{"self":[{"href":"https:\/\/www.cadconnect.com\/es\/wp-json\/wp\/v2\/pages\/15494","targetHints":{"allow":["GET"]}}],"collection":[{"href":"https:\/\/www.cadconnect.com\/es\/wp-json\/wp\/v2\/pages"}],"about":[{"href":"https:\/\/www.cadconnect.com\/es\/wp-json\/wp\/v2\/types\/page"}],"author":[{"embeddable":true,"href":"https:\/\/www.cadconnect.com\/es\/wp-json\/wp\/v2\/users\/4"}],"replies":[{"embeddable":true,"href":"https:\/\/www.cadconnect.com\/es\/wp-json\/wp\/v2\/comments?post=15494"}],"version-history":[{"count":7,"href":"https:\/\/www.cadconnect.com\/es\/wp-json\/wp\/v2\/pages\/15494\/revisions"}],"predecessor-version":[{"id":23674,"href":"https:\/\/www.cadconnect.com\/es\/wp-json\/wp\/v2\/pages\/15494\/revisions\/23674"}],"up":[{"embeddable":true,"href":"https:\/\/www.cadconnect.com\/es\/wp-json\/wp\/v2\/pages\/11279"}],"wp:featuredmedia":[{"embeddable":true,"href":"https:\/\/www.cadconnect.com\/es\/wp-json\/wp\/v2\/media\/19872"}],"wp:attachment":[{"href":"https:\/\/www.cadconnect.com\/es\/wp-json\/wp\/v2\/media?parent=15494"}],"curies":[{"name":"wp","href":"https:\/\/api.w.org\/{rel}","templated":true}]}}