{"id":12111,"date":"2022-12-01T16:18:46","date_gmt":"2022-12-01T15:18:46","guid":{"rendered":"https:\/\/www.cadconnect.com\/prodotti\/contextcapture-tecnica\/"},"modified":"2025-03-19T21:36:43","modified_gmt":"2025-03-19T20:36:43","slug":"contextcapture-tecnica","status":"publish","type":"page","link":"https:\/\/www.cadconnect.com\/es\/prodotti\/contextcapture-tecnica\/","title":{"rendered":"iTwin Capture tecnica"},"content":{"rendered":"\t\t<div data-elementor-type=\"wp-page\" data-elementor-id=\"12111\" class=\"elementor elementor-12111 elementor-8884\" wpc-filter-elementor-widget=\"1\" data-elementor-post-type=\"page\">\n\t\t\t\t\t\t<section class=\"elementor-section elementor-top-section elementor-element elementor-element-ad4df5d elementor-section-boxed elementor-section-height-default elementor-section-height-default\" data-id=\"ad4df5d\" data-element_type=\"section\" data-e-type=\"section\" data-settings=\"{&quot;background_background&quot;:&quot;classic&quot;}\">\n\t\t\t\t\t\t<div class=\"elementor-container elementor-column-gap-no\">\n\t\t\t\t\t<div class=\"elementor-column elementor-col-50 elementor-top-column elementor-element elementor-element-e53f732\" data-id=\"e53f732\" data-element_type=\"column\" data-e-type=\"column\" data-settings=\"{&quot;background_background&quot;:&quot;classic&quot;}\">\n\t\t\t<div class=\"elementor-widget-wrap elementor-element-populated\">\n\t\t\t\t\t<div class=\"elementor-background-overlay\"><\/div>\n\t\t\t\t\t\t<div class=\"elementor-element elementor-element-2cff4ac elementor-position-inline-start elementor-widget__width-initial elementor-view-default elementor-mobile-position-block-start elementor-widget elementor-widget-icon-box\" data-id=\"2cff4ac\" data-element_type=\"widget\" data-e-type=\"widget\" data-widget_type=\"icon-box.default\">\n\t\t\t\t<div class=\"elementor-widget-container\">\n\t\t\t\t\t\t\t<div class=\"elementor-icon-box-wrapper\">\n\n\t\t\t\t\t\t<div class=\"elementor-icon-box-icon\">\n\t\t\t\t<span  class=\"elementor-icon elementor-animation-grow\">\n\t\t\t\t\t\t\t\t<\/span>\n\t\t\t<\/div>\n\t\t\t\n\t\t\t\t\t\t<div class=\"elementor-icon-box-content\">\n\n\t\t\t\t\t\t\t\t\t<h3 class=\"elementor-icon-box-title\">\n\t\t\t\t\t\t<span  >\n\t\t\t\t\t\t\tiTwin Capture Modeler\t\t\t\t\t\t<\/span>\n\t\t\t\t\t<\/h3>\n\t\t\t\t\n\t\t\t\t\n\t\t\t<\/div>\n\t\t\t\n\t\t<\/div>\n\t\t\t\t\t\t<\/div>\n\t\t\t\t<\/div>\n\t\t\t\t<div class=\"elementor-element elementor-element-b6887cf elementor-widget elementor-widget-text-editor\" data-id=\"b6887cf\" data-element_type=\"widget\" data-e-type=\"widget\" data-widget_type=\"text-editor.default\">\n\t\t\t\t<div class=\"elementor-widget-container\">\n\t\t\t\t\t\t\t\t\t<p>Software de modelado de la realidad <\/p>\n\t\t\t\t\t\t\t\t<\/div>\n\t\t\t\t<\/div>\n\t\t\t\t<div class=\"elementor-element elementor-element-1081351 elementor-widget elementor-widget-text-editor\" data-id=\"1081351\" data-element_type=\"widget\" data-e-type=\"widget\" data-widget_type=\"text-editor.default\">\n\t\t\t\t<div class=\"elementor-widget-container\">\n\t\t\t\t\t\t\t\t\t<p>Con todas las funciones para crear modelos 3D a partir de fotograf\u00edas y <span style=\"color: var( --e-global-color-28c3f8b6 );\">nubes de puntos<\/span><\/p>\n\t\t\t\t\t\t\t\t<\/div>\n\t\t\t\t<\/div>\n\t\t\t\t<div class=\"elementor-element elementor-element-1d6f297 elementor-widget__width-initial elementor-mobile-align-justify elementor-align-right elementor-widget elementor-widget-button\" data-id=\"1d6f297\" data-element_type=\"widget\" data-e-type=\"widget\" data-widget_type=\"button.default\">\n\t\t\t\t<div class=\"elementor-widget-container\">\n\t\t\t\t\t\t\t\t\t<div class=\"elementor-button-wrapper\">\n\t\t\t\t\t<a class=\"elementor-button elementor-button-link elementor-size-xs\" href=\"https:\/\/wa.me\/+390721862458\" target=\"_blank\">\n\t\t\t\t\t\t<span class=\"elementor-button-content-wrapper\">\n\t\t\t\t\t\t<span class=\"elementor-button-icon\">\n\t\t\t\t<i aria-hidden=\"true\" class=\"fab fa-whatsapp\"><\/i>\t\t\t<\/span>\n\t\t\t\t\t\t\t\t\t<span class=\"elementor-button-text\">Llame para informaci\u00f3n <strong>+39 0721 862458 <\/strong> <\/span>\n\t\t\t\t\t<\/span>\n\t\t\t\t\t<\/a>\n\t\t\t\t<\/div>\n\t\t\t\t\t\t\t\t<\/div>\n\t\t\t\t<\/div>\n\t\t\t\t\t<\/div>\n\t\t<\/div>\n\t\t\t\t<div class=\"elementor-column elementor-col-50 elementor-top-column elementor-element elementor-element-694466c\" data-id=\"694466c\" data-element_type=\"column\" data-e-type=\"column\" data-settings=\"{&quot;background_background&quot;:&quot;classic&quot;}\">\n\t\t\t<div class=\"elementor-widget-wrap elementor-element-populated\">\n\t\t\t\t\t<div class=\"elementor-background-overlay\"><\/div>\n\t\t\t\t\t\t<div class=\"elementor-element elementor-element-2d73dab elementor-widget elementor-widget-text-editor\" data-id=\"2d73dab\" data-element_type=\"widget\" data-e-type=\"widget\" data-widget_type=\"text-editor.default\">\n\t\t\t\t<div class=\"elementor-widget-container\">\n\t\t\t\t\t\t\t\t\t<p><strong>ContextCapture<\/strong> <br \/>es el anterior<br \/>La versi\u00f3n del software, la interfaz y muchas caracter\u00edsticas se han mantenido sin cambios.<\/p>\n\t\t\t\t\t\t\t\t<\/div>\n\t\t\t\t<\/div>\n\t\t\t\t\t<\/div>\n\t\t<\/div>\n\t\t\t\t\t<\/div>\n\t\t<\/section>\n\t\t\t\t<section class=\"elementor-section elementor-top-section elementor-element elementor-element-cae20b0 sticky-header elementor-section-boxed elementor-section-height-default elementor-section-height-default\" data-id=\"cae20b0\" data-element_type=\"section\" data-e-type=\"section\" data-settings=\"{&quot;background_background&quot;:&quot;classic&quot;,&quot;sticky&quot;:&quot;top&quot;,&quot;sticky_offset&quot;:46,&quot;sticky_offset_tablet&quot;:35,&quot;sticky_offset_mobile&quot;:70,&quot;sticky_on&quot;:[&quot;desktop&quot;,&quot;tablet&quot;,&quot;mobile&quot;],&quot;sticky_effects_offset&quot;:0,&quot;sticky_anchor_link_offset&quot;:0}\">\n\t\t\t\t\t\t<div class=\"elementor-container elementor-column-gap-default\">\n\t\t\t\t\t<div class=\"elementor-column elementor-col-100 elementor-top-column elementor-element elementor-element-be3ce22\" data-id=\"be3ce22\" data-element_type=\"column\" data-e-type=\"column\" data-settings=\"{&quot;background_background&quot;:&quot;classic&quot;}\">\n\t\t\t<div class=\"elementor-widget-wrap elementor-element-populated\">\n\t\t\t\t\t\t<div class=\"elementor-element elementor-element-e7088d2 elementor-widget__width-initial elementor-widget elementor-widget-button\" data-id=\"e7088d2\" data-element_type=\"widget\" data-e-type=\"widget\" data-widget_type=\"button.default\">\n\t\t\t\t<div class=\"elementor-widget-container\">\n\t\t\t\t\t\t\t\t\t<div class=\"elementor-button-wrapper\">\n\t\t\t\t\t<a class=\"elementor-button elementor-button-link elementor-size-xs elementor-animation-shrink\" href=\"https:\/\/www.cadconnect.com\/es\/prodotti\/itwin-capture\/\">\n\t\t\t\t\t\t<span class=\"elementor-button-content-wrapper\">\n\t\t\t\t\t\t<span class=\"elementor-button-icon\">\n\t\t\t\t<i aria-hidden=\"true\" class=\"fas fa-backspace\"><\/i>\t\t\t<\/span>\n\t\t\t\t\t\t\t\t\t<span class=\"elementor-button-text\">Volver a la p\u00e1gina de inicio del producto<\/span>\n\t\t\t\t\t<\/span>\n\t\t\t\t\t<\/a>\n\t\t\t\t<\/div>\n\t\t\t\t\t\t\t\t<\/div>\n\t\t\t\t<\/div>\n\t\t\t\t\t<\/div>\n\t\t<\/div>\n\t\t\t\t\t<\/div>\n\t\t<\/section>\n\t\t\t\t<section class=\"elementor-section elementor-top-section elementor-element elementor-element-a3df631 elementor-section-boxed elementor-section-height-default elementor-section-height-default\" data-id=\"a3df631\" data-element_type=\"section\" data-e-type=\"section\">\n\t\t\t\t\t\t<div class=\"elementor-container elementor-column-gap-default\">\n\t\t\t\t\t<div class=\"elementor-column elementor-col-100 elementor-top-column elementor-element elementor-element-d173077\" data-id=\"d173077\" data-element_type=\"column\" data-e-type=\"column\">\n\t\t\t<div class=\"elementor-widget-wrap elementor-element-populated\">\n\t\t\t\t\t\t<div class=\"elementor-element elementor-element-d6fdd74 elementor-widget elementor-widget-menu-anchor\" data-id=\"d6fdd74\" data-element_type=\"widget\" data-e-type=\"widget\" data-widget_type=\"menu-anchor.default\">\n\t\t\t\t<div class=\"elementor-widget-container\">\n\t\t\t\t\t\t\t<div class=\"elementor-menu-anchor\" id=\"requisiti\"><\/div>\n\t\t\t\t\t\t<\/div>\n\t\t\t\t<\/div>\n\t\t\t\t<div class=\"elementor-element elementor-element-aa7f595 elementor-widget elementor-widget-spacer\" data-id=\"aa7f595\" data-element_type=\"widget\" data-e-type=\"widget\" data-widget_type=\"spacer.default\">\n\t\t\t\t<div class=\"elementor-widget-container\">\n\t\t\t\t\t\t\t<div class=\"elementor-spacer\">\n\t\t\t<div class=\"elementor-spacer-inner\"><\/div>\n\t\t<\/div>\n\t\t\t\t\t\t<\/div>\n\t\t\t\t<\/div>\n\t\t\t\t<div class=\"elementor-element elementor-element-acc685a elementor-widget elementor-widget-heading\" data-id=\"acc685a\" data-element_type=\"widget\" data-e-type=\"widget\" data-widget_type=\"heading.default\">\n\t\t\t\t<div class=\"elementor-widget-container\">\n\t\t\t\t\t<h2 class=\"elementor-heading-title elementor-size-default\">Requisitos del sistema (Windows)<\/h2>\t\t\t\t<\/div>\n\t\t\t\t<\/div>\n\t\t\t\t<div class=\"elementor-element elementor-element-ae17535 elementor-widget elementor-widget-text-editor\" data-id=\"ae17535\" data-element_type=\"widget\" data-e-type=\"widget\" data-widget_type=\"text-editor.default\">\n\t\t\t\t<div class=\"elementor-widget-container\">\n\t\t\t\t\t\t\t\t\t<h3>Requisitos m\u00ednimos de hardware<\/h3>\n<p>Al menos 8 GB de RAM y tarjeta gr\u00e1fica NVIDIA\/AMD <br \/>o processore grafico integrato Intel compatibile con OpenGL 3.2 e almeno 1 GB di memoria dedicata.<br \/>Configuraci\u00f3n de hardware recomendada<br \/>Microsoft Windows 7\/8\/10 Professional de 64 bits instalado en una PC con al menos 64 GB de RAM,<br \/>CPU Intel I7 (4+ n\u00facleos) @ 4.0+ GHz, con Hyper-Threading habilitado, <br \/>Tarjeta gr\u00e1fica NVIDIA GeForce GTX 1080 Ti (o Titan X, GTX 1080, GTX 980ti) <br \/>y datos preferentemente almacenados en dispositivos de almacenamiento r\u00e1pido (HDD, SSD o SAN r\u00e1pidos).<\/p>\n<h3>Requisitos de los servicios en la nube para el modelado 3D<\/h3>\n<p>Requisitos m\u00ednimos de hardware para ContextCapture Mobile<br \/>Sistema operativo: Windows 7\/8\/10 de 64 bits<br \/>Procesador Intel\u00ae o AMD\u00ae a 1,0 GHz o superior.<br \/>Memoria:<br \/>4 GB m\u00ednimo.<br \/>Disco duro:<br \/>2 GB de espacio libre en disco.<br \/>Configuraci\u00f3n de v\u00eddeo:<br \/>Tarjeta gr\u00e1fica NVIDIA\/AMD o procesador gr\u00e1fico integrado Intel compatible con OpenGL 3.2<br \/>Resoluci\u00f3n de la pantalla:<br \/>1024 x 768 o superior.<\/p>\n<h3>Requisitos m\u00ednimos de hardware para iTwin Capture Mobile:<\/h3>\n<p>iPhone o iPad con iOS 10.3 o posterior<br \/>Cualquier dispositivo con Android 5.1 o posterior<\/p>\n\t\t\t\t\t\t\t\t<\/div>\n\t\t\t\t<\/div>\n\t\t\t\t<div class=\"elementor-element elementor-element-fec1170 elementor-widget elementor-widget-spacer\" data-id=\"fec1170\" data-element_type=\"widget\" data-e-type=\"widget\" data-widget_type=\"spacer.default\">\n\t\t\t\t<div class=\"elementor-widget-container\">\n\t\t\t\t\t\t\t<div class=\"elementor-spacer\">\n\t\t\t<div class=\"elementor-spacer-inner\"><\/div>\n\t\t<\/div>\n\t\t\t\t\t\t<\/div>\n\t\t\t\t<\/div>\n\t\t\t\t\t<\/div>\n\t\t<\/div>\n\t\t\t\t\t<\/div>\n\t\t<\/section>\n\t\t\t\t<\/div>\n\t\t","protected":false},"excerpt":{"rendered":"<p>iTwin Capture Modeler Software de modelado de la realidad Con todas las funciones para crear modelos 3D a partir de fotograf\u00edas y nubes de puntos Llame para informaci\u00f3n +39 0721 862458 ContextCapture es el anteriorLa versi\u00f3n del software, la interfaz y muchas caracter\u00edsticas se han mantenido sin cambios. Volver a la p\u00e1gina de inicio del [&hellip;]<\/p>\n","protected":false},"author":4,"featured_media":0,"parent":11438,"menu_order":0,"comment_status":"closed","ping_status":"closed","template":"elementor_header_footer","meta":{"_monsterinsights_skip_tracking":false,"_monsterinsights_sitenote_active":false,"_monsterinsights_sitenote_note":"","_monsterinsights_sitenote_category":0,"footnotes":""},"class_list":["post-12111","page","type-page","status-publish","hentry"],"yoast_head":"<!-- This site is optimized with the Yoast SEO plugin v27.3 - https:\/\/yoast.com\/product\/yoast-seo-wordpress\/ -->\n<title>iTwin Capture tecnica - Cad Connect<\/title>\n<meta name=\"robots\" content=\"index, follow, max-snippet:-1, max-image-preview:large, max-video-preview:-1\" \/>\n<link rel=\"canonical\" href=\"https:\/\/www.cadconnect.com\/es\/prodotti\/contextcapture-tecnica\/\" \/>\n<meta property=\"og:locale\" content=\"es_ES\" \/>\n<meta property=\"og:type\" content=\"article\" \/>\n<meta property=\"og:title\" content=\"iTwin Capture tecnica - Cad Connect\" \/>\n<meta property=\"og:description\" content=\"iTwin Capture Modeler Software de modelado de la realidad Con todas las funciones para crear modelos 3D a partir de fotograf\u00edas y nubes de puntos Llame para informaci\u00f3n +39 0721 862458 ContextCapture es el anteriorLa versi\u00f3n del software, la interfaz y muchas caracter\u00edsticas se han mantenido sin cambios. Volver a la p\u00e1gina de inicio del [&hellip;]\" \/>\n<meta property=\"og:url\" content=\"https:\/\/www.cadconnect.com\/es\/prodotti\/contextcapture-tecnica\/\" \/>\n<meta property=\"og:site_name\" content=\"Cad Connect\" \/>\n<meta property=\"article:publisher\" content=\"https:\/\/www.facebook.com\/cad.connect1970\" \/>\n<meta property=\"article:modified_time\" content=\"2025-03-19T20:36:43+00:00\" \/>\n<meta name=\"twitter:card\" content=\"summary_large_image\" \/>\n<meta name=\"twitter:label1\" content=\"Tiempo de lectura\" \/>\n\t<meta name=\"twitter:data1\" content=\"1 minuto\" \/>\n<script type=\"application\/ld+json\" class=\"yoast-schema-graph\">{\"@context\":\"https:\\\/\\\/schema.org\",\"@graph\":[{\"@type\":\"WebPage\",\"@id\":\"https:\\\/\\\/www.cadconnect.com\\\/es\\\/prodotti\\\/contextcapture-tecnica\\\/\",\"url\":\"https:\\\/\\\/www.cadconnect.com\\\/es\\\/prodotti\\\/contextcapture-tecnica\\\/\",\"name\":\"iTwin Capture tecnica - Cad Connect\",\"isPartOf\":{\"@id\":\"https:\\\/\\\/www.cadconnect.com\\\/#website\"},\"datePublished\":\"2022-12-01T15:18:46+00:00\",\"dateModified\":\"2025-03-19T20:36:43+00:00\",\"breadcrumb\":{\"@id\":\"https:\\\/\\\/www.cadconnect.com\\\/es\\\/prodotti\\\/contextcapture-tecnica\\\/#breadcrumb\"},\"inLanguage\":\"es\",\"potentialAction\":[{\"@type\":\"ReadAction\",\"target\":[\"https:\\\/\\\/www.cadconnect.com\\\/es\\\/prodotti\\\/contextcapture-tecnica\\\/\"]}]},{\"@type\":\"BreadcrumbList\",\"@id\":\"https:\\\/\\\/www.cadconnect.com\\\/es\\\/prodotti\\\/contextcapture-tecnica\\\/#breadcrumb\",\"itemListElement\":[{\"@type\":\"ListItem\",\"position\":1,\"name\":\"Home\",\"item\":\"https:\\\/\\\/www.cadconnect.com\\\/es\\\/\"},{\"@type\":\"ListItem\",\"position\":2,\"name\":\"Prodotti\",\"item\":\"https:\\\/\\\/www.cadconnect.com\\\/es\\\/prodotti\\\/\"},{\"@type\":\"ListItem\",\"position\":3,\"name\":\"iTwin Capture tecnica\"}]},{\"@type\":\"WebSite\",\"@id\":\"https:\\\/\\\/www.cadconnect.com\\\/#website\",\"url\":\"https:\\\/\\\/www.cadconnect.com\\\/\",\"name\":\"Cad Connect\",\"description\":\"Software e Servizi per la progettazione\",\"publisher\":{\"@id\":\"https:\\\/\\\/www.cadconnect.com\\\/#organization\"},\"potentialAction\":[{\"@type\":\"SearchAction\",\"target\":{\"@type\":\"EntryPoint\",\"urlTemplate\":\"https:\\\/\\\/www.cadconnect.com\\\/?s={search_term_string}\"},\"query-input\":{\"@type\":\"PropertyValueSpecification\",\"valueRequired\":true,\"valueName\":\"search_term_string\"}}],\"inLanguage\":\"es\"},{\"@type\":\"Organization\",\"@id\":\"https:\\\/\\\/www.cadconnect.com\\\/#organization\",\"name\":\"Cad Connect\",\"url\":\"https:\\\/\\\/www.cadconnect.com\\\/\",\"logo\":{\"@type\":\"ImageObject\",\"inLanguage\":\"es\",\"@id\":\"https:\\\/\\\/www.cadconnect.com\\\/#\\\/schema\\\/logo\\\/image\\\/\",\"url\":\"https:\\\/\\\/www.cadconnect.com\\\/wp-content\\\/uploads\\\/2022\\\/07\\\/Logo-Cad-Connect-privacy-7.png\",\"contentUrl\":\"https:\\\/\\\/www.cadconnect.com\\\/wp-content\\\/uploads\\\/2022\\\/07\\\/Logo-Cad-Connect-privacy-7.png\",\"width\":600,\"height\":300,\"caption\":\"Cad Connect\"},\"image\":{\"@id\":\"https:\\\/\\\/www.cadconnect.com\\\/#\\\/schema\\\/logo\\\/image\\\/\"},\"sameAs\":[\"https:\\\/\\\/www.facebook.com\\\/cad.connect1970\"]}]}<\/script>\n<!-- \/ Yoast SEO plugin. -->","yoast_head_json":{"title":"iTwin Capture tecnica - Cad Connect","robots":{"index":"index","follow":"follow","max-snippet":"max-snippet:-1","max-image-preview":"max-image-preview:large","max-video-preview":"max-video-preview:-1"},"canonical":"https:\/\/www.cadconnect.com\/es\/prodotti\/contextcapture-tecnica\/","og_locale":"es_ES","og_type":"article","og_title":"iTwin Capture tecnica - Cad Connect","og_description":"iTwin Capture Modeler Software de modelado de la realidad Con todas las funciones para crear modelos 3D a partir de fotograf\u00edas y nubes de puntos Llame para informaci\u00f3n +39 0721 862458 ContextCapture es el anteriorLa versi\u00f3n del software, la interfaz y muchas caracter\u00edsticas se han mantenido sin cambios. Volver a la p\u00e1gina de inicio del [&hellip;]","og_url":"https:\/\/www.cadconnect.com\/es\/prodotti\/contextcapture-tecnica\/","og_site_name":"Cad Connect","article_publisher":"https:\/\/www.facebook.com\/cad.connect1970","article_modified_time":"2025-03-19T20:36:43+00:00","twitter_card":"summary_large_image","twitter_misc":{"Tiempo de lectura":"1 minuto"},"schema":{"@context":"https:\/\/schema.org","@graph":[{"@type":"WebPage","@id":"https:\/\/www.cadconnect.com\/es\/prodotti\/contextcapture-tecnica\/","url":"https:\/\/www.cadconnect.com\/es\/prodotti\/contextcapture-tecnica\/","name":"iTwin Capture tecnica - Cad Connect","isPartOf":{"@id":"https:\/\/www.cadconnect.com\/#website"},"datePublished":"2022-12-01T15:18:46+00:00","dateModified":"2025-03-19T20:36:43+00:00","breadcrumb":{"@id":"https:\/\/www.cadconnect.com\/es\/prodotti\/contextcapture-tecnica\/#breadcrumb"},"inLanguage":"es","potentialAction":[{"@type":"ReadAction","target":["https:\/\/www.cadconnect.com\/es\/prodotti\/contextcapture-tecnica\/"]}]},{"@type":"BreadcrumbList","@id":"https:\/\/www.cadconnect.com\/es\/prodotti\/contextcapture-tecnica\/#breadcrumb","itemListElement":[{"@type":"ListItem","position":1,"name":"Home","item":"https:\/\/www.cadconnect.com\/es\/"},{"@type":"ListItem","position":2,"name":"Prodotti","item":"https:\/\/www.cadconnect.com\/es\/prodotti\/"},{"@type":"ListItem","position":3,"name":"iTwin Capture tecnica"}]},{"@type":"WebSite","@id":"https:\/\/www.cadconnect.com\/#website","url":"https:\/\/www.cadconnect.com\/","name":"Cad Connect","description":"Software e Servizi per la progettazione","publisher":{"@id":"https:\/\/www.cadconnect.com\/#organization"},"potentialAction":[{"@type":"SearchAction","target":{"@type":"EntryPoint","urlTemplate":"https:\/\/www.cadconnect.com\/?s={search_term_string}"},"query-input":{"@type":"PropertyValueSpecification","valueRequired":true,"valueName":"search_term_string"}}],"inLanguage":"es"},{"@type":"Organization","@id":"https:\/\/www.cadconnect.com\/#organization","name":"Cad Connect","url":"https:\/\/www.cadconnect.com\/","logo":{"@type":"ImageObject","inLanguage":"es","@id":"https:\/\/www.cadconnect.com\/#\/schema\/logo\/image\/","url":"https:\/\/www.cadconnect.com\/wp-content\/uploads\/2022\/07\/Logo-Cad-Connect-privacy-7.png","contentUrl":"https:\/\/www.cadconnect.com\/wp-content\/uploads\/2022\/07\/Logo-Cad-Connect-privacy-7.png","width":600,"height":300,"caption":"Cad Connect"},"image":{"@id":"https:\/\/www.cadconnect.com\/#\/schema\/logo\/image\/"},"sameAs":["https:\/\/www.facebook.com\/cad.connect1970"]}]}},"_links":{"self":[{"href":"https:\/\/www.cadconnect.com\/es\/wp-json\/wp\/v2\/pages\/12111","targetHints":{"allow":["GET"]}}],"collection":[{"href":"https:\/\/www.cadconnect.com\/es\/wp-json\/wp\/v2\/pages"}],"about":[{"href":"https:\/\/www.cadconnect.com\/es\/wp-json\/wp\/v2\/types\/page"}],"author":[{"embeddable":true,"href":"https:\/\/www.cadconnect.com\/es\/wp-json\/wp\/v2\/users\/4"}],"replies":[{"embeddable":true,"href":"https:\/\/www.cadconnect.com\/es\/wp-json\/wp\/v2\/comments?post=12111"}],"version-history":[{"count":6,"href":"https:\/\/www.cadconnect.com\/es\/wp-json\/wp\/v2\/pages\/12111\/revisions"}],"predecessor-version":[{"id":15488,"href":"https:\/\/www.cadconnect.com\/es\/wp-json\/wp\/v2\/pages\/12111\/revisions\/15488"}],"up":[{"embeddable":true,"href":"https:\/\/www.cadconnect.com\/es\/wp-json\/wp\/v2\/pages\/11438"}],"wp:attachment":[{"href":"https:\/\/www.cadconnect.com\/es\/wp-json\/wp\/v2\/media?parent=12111"}],"curies":[{"name":"wp","href":"https:\/\/api.w.org\/{rel}","templated":true}]}}